{"id":15,"date":"2017-11-28T18:03:35","date_gmt":"2017-11-28T17:03:35","guid":{"rendered":"http:\/\/roliball.eu\/?page_id=15"},"modified":"2024-07-08T16:01:53","modified_gmt":"2024-07-08T14:01:53","slug":"impressum","status":"publish","type":"page","link":"https:\/\/bailongball.com\/en\/impressum\/","title":{"rendered":"Impressum"},"content":{"rendered":"\n[:de]\n<div class=\"row\"  id=\"row-444446221\">\n\n\n\t<div id=\"col-1664520587\" class=\"col small-12 large-12\"  >\n\t\t\t\t<div class=\"col-inner\"  >\n\t\t\t\n\t\t\t\n\n<h1>Impressum<\/h1>\n<h3>Angaben gem\u00e4\u00df \u00a7 26 BGB und \u00a7 30 BGB:<\/h3>\n<h3>Taiji Bailong Ball Federation e.V. <em>(kurz: TBBF e.V.)<br \/><\/em>Diekbarg 20a<br \/>22397 Hamburg<\/h3>\n<h4>Telefon: 040-27167935<br \/>Telefax: 040-27167933<br \/>E-Mail: info@bailongball.com<br \/>Internet Addresse: www.bailongball.com<\/h4>\n<h4>Vertreten durch:<\/h4>\n<p>1. Vorsitzende Xiaofei Sui<br \/>2. Vorsitzende Susanne Ritz<\/p>\n<p>Registereintrag:<\/p>\n<p>Eintragung im Vereinsregister.<br \/>Registergericht: Amtsgericht Hamburg<br \/>Registernummer: VR 18470<\/p>\n<p>Streitschlichtung<\/p>\n<p>Die Europ\u00e4ische Kommission stellt eine Plattform zur Online-Streitbeilegung (OS) bereit:\u00a0<a href=\"https:\/\/ec.europa.eu\/consumers\/odr\">https:\/\/ec.europa.eu\/consumers\/odr<\/a><\/p>\n<h4>Grafiken und Bilderquellen<\/h4>\n<p>TBBF-Archiv<\/p>\n<p>Unsere E-Mail-Adresse finden Sie oben im Impressum.<\/p>\n<p>Wir sind nicht bereit oder verpflichtet, an Streitbeilegungsverfahren vor einer Verbraucherschlichtungsstelle teilzunehmen.<\/p>\n<p>Haftung f\u00fcr Inhalte<\/p>\n<p>Als Diensteanbieter sind wir f\u00fcr eigenen Inhalte auf diesen Seiten nach den allgemeinen Gesetzen verantwortlich. Jedoch sind wir als Diensteanbieter nicht verpflichtet, \u00fcbermittelte oder gespeicherte fremde Informationen zu \u00fcberwachen oder nach Umst\u00e4nden zu forschen, die auf eine rechtswidrige T\u00e4tigkeit hinweisen.<\/p>\n<p>Verpflichtungen zur Entfernung oder Sperrung der Nutzung von Informationen nach den allgemeinen Gesetzen bleiben hiervon unber\u00fchrt. Eine diesbez\u00fcgliche Haftung ist jedoch erst ab dem Zeitpunkt der Kenntnis einer konkreten Rechtsverletzung m\u00f6glich. Bei Bekanntwerden von entsprechenden Rechtsverletzungen werden wir diese Inhalte umgehend entfernen.<\/p>\n<p>Haftung f\u00fcr Links<\/p>\n<p>Unser Angebot enth\u00e4lt Links zu externen Websites Dritter, auf deren Inhalte wir keinen Einfluss haben. Deshalb k\u00f6nnen wir f\u00fcr diese fremden Inhalte auch keine Gew\u00e4hr \u00fcbernehmen. F\u00fcr die Inhalte der verlinkten Seiten ist stets der jeweilige Anbieter oder Betreiber der Seiten verantwortlich. Die verlinkten Seiten wurden zum Zeitpunkt der Verlinkung auf m\u00f6gliche Rechtsverst\u00f6\u00dfe \u00fcberpr\u00fcft. Rechtswidrige Inhalte waren zum Zeitpunkt der Verlinkung nicht erkennbar.<\/p>\n<p>Eine permanente inhaltliche Kontrolle der verlinkten Seiten ist jedoch ohne konkrete Anhaltspunkte einer Rechtsverletzung nicht zumutbar. Bei Bekanntwerden von Rechtsverletzungen werden wir derartige Links umgehend entfernen.<\/p>\n<p>Urheberrecht<\/p>\n<p>Die durch die Seitenbetreiber erstellten Inhalte und Werke auf diesen Seiten unterliegen dem deutschen Urheberrecht. Die Vervielf\u00e4ltigung, Bearbeitung, Verbreitung und jede Art der Verwertung au\u00dferhalb der Grenzen des Urheberrechtes bed\u00fcrfen der schriftlichen Zustimmung des jeweiligen Autors bzw. Erstellers. Downloads und Kopien dieser Seite sind nur f\u00fcr den privaten, nicht kommerziellen Gebrauch gestattet.<\/p>\n<p>Soweit die Inhalte auf dieser Seite nicht vom Betreiber erstellt wurden, werden die Urheberrechte Dritter beachtet. Insbesondere werden Inhalte Dritter als solche gekennzeichnet. Sollten Sie trotzdem auf eine Urheberrechtsverletzung<br \/>aufmerksam werden, bitten wir um einen entsprechenden Hinweis. Bei Bekanntwerden von Rechtsverletzungen werden wir derartige Inhalte umgehend entfernen.<\/p>\n<p>Quelle:\u00a0<a href=\"https:\/\/www.e-recht24.de\/\">https:\/\/www.e-recht24.de<\/a><\/p>\n\n\t\t<\/div>\n\t\t\t\t\t<\/div>\n\n\t\n\n<\/div>\n[:en]\n<div class=\"row\"  id=\"row-1711395546\">\n\n\n\t<div id=\"col-1903590424\" class=\"col small-12 large-12\"  >\n\t\t\t\t<div class=\"col-inner\"  >\n\t\t\t\n\t\t\t\n\n<h1>Legal Disclosure<\/h1>\n<h3>Information in accordance with Section 26 BGB and Section 30 BGB<\/h3>\n<h3>Taiji Bailong Ball Federation e.V. (TBBF)<\/h3>\n<h3>Diekbarg 20a<br \/>22397 Hamburg<\/h3>\n<p>Tel.: +49 40 27167935<br \/>Fax: +49 40 27167933<br \/>Email: info@bailongball.com<br \/>Internet address: www.bailongball.com<\/p>\n<h4>Represented by<\/h4>\n<p>Xiaofei Sui (Chairman)<br \/>Susanne Ritz (Vice Chairman)<\/p>\n<h4>Register entry<\/h4>\n<p>Entry in: Vereinsregister<br \/>Register Number: 18470<br \/>Register Court: Amtsgericht Hamburg<\/p>\n<h4>Graphics and Image Sources<\/h4>\n<p>TBBF-Archive<\/p>\n<h4>Disclaimer<\/h4>\n<p>Accountability for content<br \/>The contents of our pages have been created with the utmost care. However, we cannot guarantee the contents&#8216; accuracy, completeness or topicality. According to statutory provisions, we are furthermore responsible for our own content on these web pages. In this matter, please note that we are not obliged to monitor the transmitted or saved information of third parties, or investigate circumstances pointing to illegal activity. Our obligations to remove or block the use of information under generally applicable laws remain unaffected by this.<\/p>\n<p>Accountability for links<br \/>Responsibility for the content of external links (to web pages of third parties) lies solely with the operators of the linked pages. No violations were evident to us at the time of linking. Should any legal infringement become known to us, we will remove the respective link immediately.<\/p>\n<p>Copyright<br \/>Our web pages and their contents are subject to German copyright law. Unless expressly permitted by law, every form of utilizing, reproducing or processing works subject to copyright protection on our web pages requires the prior consent of the respective owner of the rights. Individual reproductions of a work are only allowed for private use. The materials from these pages are copyrighted and any unauthorized use may violate copyright laws.<\/p>\n<p>Thanks to:\u00a0translate-24h.de English Translations<\/p>\n\n\t\t<\/div>\n\t\t\t\t\t<\/div>\n\n\t\n\n<\/div>\n[:]\n\n","protected":false},"excerpt":{"rendered":"","protected":false},"author":1,"featured_media":0,"parent":0,"menu_order":0,"comment_status":"closed","ping_status":"closed","template":"","meta":{"footnotes":""},"class_list":["post-15","page","type-page","status-publish","hentry"],"yoast_head":"<!-- This site is optimized with the Yoast SEO plugin v27.4 - https:\/\/yoast.com\/product\/yoast-seo-wordpress\/ -->\n<title>Impressum - Bailong Ball<\/title>\n<meta name=\"robots\" content=\"index, follow, max-snippet:-1, max-image-preview:large, max-video-preview:-1\" \/>\n<link rel=\"canonical\" href=\"https:\/\/bailongball.com\/en\/impressum\/\" \/>\n<meta property=\"og:locale\" content=\"en_GB\" \/>\n<meta property=\"og:type\" content=\"article\" \/>\n<meta property=\"og:title\" content=\"Impressum - Bailong Ball\" \/>\n<meta property=\"og:url\" content=\"https:\/\/bailongball.com\/en\/impressum\/\" \/>\n<meta property=\"og:site_name\" content=\"Bailong Ball\" \/>\n<meta property=\"article:modified_time\" content=\"2024-07-08T14:01:53+00:00\" \/>\n<meta name=\"twitter:card\" content=\"summary_large_image\" \/>\n<meta name=\"twitter:label1\" content=\"Estimated reading time\" \/>\n\t<meta name=\"twitter:data1\" content=\"4 minutes\" \/>\n<script type=\"application\/ld+json\" class=\"yoast-schema-graph\">{\"@context\":\"https:\\\/\\\/schema.org\",\"@graph\":[{\"@type\":\"WebPage\",\"@id\":\"https:\\\/\\\/bailongball.com\\\/impressum\\\/\",\"url\":\"https:\\\/\\\/bailongball.com\\\/impressum\\\/\",\"name\":\"Impressum - Bailong Ball\",\"isPartOf\":{\"@id\":\"https:\\\/\\\/bailongball.com\\\/#website\"},\"datePublished\":\"2017-11-28T17:03:35+00:00\",\"dateModified\":\"2024-07-08T14:01:53+00:00\",\"breadcrumb\":{\"@id\":\"https:\\\/\\\/bailongball.com\\\/impressum\\\/#breadcrumb\"},\"inLanguage\":\"en-GB\",\"potentialAction\":[{\"@type\":\"ReadAction\",\"target\":[\"https:\\\/\\\/bailongball.com\\\/impressum\\\/\"]}]},{\"@type\":\"BreadcrumbList\",\"@id\":\"https:\\\/\\\/bailongball.com\\\/impressum\\\/#breadcrumb\",\"itemListElement\":[{\"@type\":\"ListItem\",\"position\":1,\"name\":\"Startseite\",\"item\":\"https:\\\/\\\/bailongball.com\\\/\"},{\"@type\":\"ListItem\",\"position\":2,\"name\":\"Impressum\"}]},{\"@type\":\"WebSite\",\"@id\":\"https:\\\/\\\/bailongball.com\\\/#website\",\"url\":\"https:\\\/\\\/bailongball.com\\\/\",\"name\":\"Bailong Ball\",\"description\":\"\",\"potentialAction\":[{\"@type\":\"SearchAction\",\"target\":{\"@type\":\"EntryPoint\",\"urlTemplate\":\"https:\\\/\\\/bailongball.com\\\/?s={search_term_string}\"},\"query-input\":{\"@type\":\"PropertyValueSpecification\",\"valueRequired\":true,\"valueName\":\"search_term_string\"}}],\"inLanguage\":\"en-GB\"}]}<\/script>\n<!-- \/ Yoast SEO plugin. -->","yoast_head_json":{"title":"Impressum - Bailong Ball","robots":{"index":"index","follow":"follow","max-snippet":"max-snippet:-1","max-image-preview":"max-image-preview:large","max-video-preview":"max-video-preview:-1"},"canonical":"https:\/\/bailongball.com\/en\/impressum\/","og_locale":"en_GB","og_type":"article","og_title":"Impressum - Bailong Ball","og_url":"https:\/\/bailongball.com\/en\/impressum\/","og_site_name":"Bailong Ball","article_modified_time":"2024-07-08T14:01:53+00:00","twitter_card":"summary_large_image","twitter_misc":{"Estimated reading time":"4 minutes"},"schema":{"@context":"https:\/\/schema.org","@graph":[{"@type":"WebPage","@id":"https:\/\/bailongball.com\/impressum\/","url":"https:\/\/bailongball.com\/impressum\/","name":"Impressum - Bailong Ball","isPartOf":{"@id":"https:\/\/bailongball.com\/#website"},"datePublished":"2017-11-28T17:03:35+00:00","dateModified":"2024-07-08T14:01:53+00:00","breadcrumb":{"@id":"https:\/\/bailongball.com\/impressum\/#breadcrumb"},"inLanguage":"en-GB","potentialAction":[{"@type":"ReadAction","target":["https:\/\/bailongball.com\/impressum\/"]}]},{"@type":"BreadcrumbList","@id":"https:\/\/bailongball.com\/impressum\/#breadcrumb","itemListElement":[{"@type":"ListItem","position":1,"name":"Startseite","item":"https:\/\/bailongball.com\/"},{"@type":"ListItem","position":2,"name":"Impressum"}]},{"@type":"WebSite","@id":"https:\/\/bailongball.com\/#website","url":"https:\/\/bailongball.com\/","name":"Bailong Ball","description":"","potentialAction":[{"@type":"SearchAction","target":{"@type":"EntryPoint","urlTemplate":"https:\/\/bailongball.com\/?s={search_term_string}"},"query-input":{"@type":"PropertyValueSpecification","valueRequired":true,"valueName":"search_term_string"}}],"inLanguage":"en-GB"}]}},"_links":{"self":[{"href":"https:\/\/bailongball.com\/en\/wp-json\/wp\/v2\/pages\/15","targetHints":{"allow":["GET"]}}],"collection":[{"href":"https:\/\/bailongball.com\/en\/wp-json\/wp\/v2\/pages"}],"about":[{"href":"https:\/\/bailongball.com\/en\/wp-json\/wp\/v2\/types\/page"}],"author":[{"embeddable":true,"href":"https:\/\/bailongball.com\/en\/wp-json\/wp\/v2\/users\/1"}],"replies":[{"embeddable":true,"href":"https:\/\/bailongball.com\/en\/wp-json\/wp\/v2\/comments?post=15"}],"version-history":[{"count":30,"href":"https:\/\/bailongball.com\/en\/wp-json\/wp\/v2\/pages\/15\/revisions"}],"predecessor-version":[{"id":277291,"href":"https:\/\/bailongball.com\/en\/wp-json\/wp\/v2\/pages\/15\/revisions\/277291"}],"wp:attachment":[{"href":"https:\/\/bailongball.com\/en\/wp-json\/wp\/v2\/media?parent=15"}],"curies":[{"name":"wp","href":"https:\/\/api.w.org\/{rel}","templated":true}]}}