{"id":25,"date":"2017-11-28T18:05:28","date_gmt":"2017-11-28T17:05:28","guid":{"rendered":"http:\/\/roliball.eu\/?page_id=25"},"modified":"2025-03-08T22:05:59","modified_gmt":"2025-03-08T21:05:59","slug":"mitgliedschaft","status":"publish","type":"page","link":"https:\/\/bailongball.com\/en\/verein\/mitgliedschaft\/","title":{"rendered":"Auto Draft"},"content":{"rendered":"\n  <div class=\"banner has-hover\" id=\"banner-92046338\">\n          <div class=\"banner-inner fill\">\n        <div class=\"banner-bg fill\" >\n            <img loading=\"lazy\" decoding=\"async\" width=\"1020\" height=\"680\" src=\"https:\/\/bailongball.com\/wp-content\/uploads\/2018\/01\/Header-8-1200x800.jpg\" class=\"bg attachment-large size-large\" alt=\"\" \/>                                    \n                    <\/div>\n\t\t\n        <div class=\"banner-layers container\">\n            <div class=\"fill banner-link\"><\/div>            \r\n\r\n   <div id=\"text-box-534881298\" class=\"text-box banner-layer x50 md-x50 lg-x50 y50 md-y50 lg-y50 res-text\">\n                                <div class=\"text-box-content text dark\">\n              \n              <div class=\"text-inner text-center\">\n                  \r\n<h1><strong>Unsere Sportart w\u00e4chst<\/strong><\/h1>\r\n<h3><strong>Du m\u00f6chtest mehr \u00fcber Bailongball erfahren und aktiv werden?<\/strong><\/h3>\r\n<a href=\"\/kontakt\/\" class=\"button primary\" >\n\t\t<span>Kontakt<\/span>\n\t<\/a>\n\r\n\r\n              <\/div>\n           <\/div>\n                            \n<style>\n#text-box-534881298 {\n  width: 60%;\n}\n#text-box-534881298 .text-box-content {\n  font-size: 100%;\n}\n@media (min-width:550px) {\n  #text-box-534881298 {\n    width: 61%;\n  }\n}\n<\/style>\n    <\/div>\n \r\n\r\n        <\/div>\n      <\/div>\n\n            \n<style>\n#banner-92046338 {\n  padding-top: 500px;\n}\n#banner-92046338 .banner-bg img {\n  object-position: 74% 100%;\n}\n<\/style>\n  <\/div>\n\n\r\n\t<div id=\"gap-1735684979\" class=\"gap-element clearfix\" style=\"display:block; height:auto;\">\n\t\t\n<style>\n#gap-1735684979 {\n  padding-top: 60px;\n}\n<\/style>\n\t<\/div>\n\t\r\n\r\n<div class=\"row\"  id=\"row-996960651\">\r\n\r\n\n\t<div id=\"col-132453459\" class=\"col medium-6 small-12 large-6\"  >\n\t\t\t\t<div class=\"col-inner\"  >\n\t\t\t\n\t\t\t\r\n\r\n<strong>Wir sind ein gro\u00dfes Team! Du bist eingeladen, Teil davon zu werden!<\/strong>\r\n\r\nUnser Sport wird immer popul\u00e4rer und es gibt immer mehr <a href=\"https:\/\/bailongball.com\/training\/\">Trainingsangebote<\/a> und <a href=\"https:\/\/www.google.com\/maps\/d\/viewer?mid=1Gbg10gq5-D8plALwTCC_odUmtqp4pyli&amp;ll=32.51272535878794%2C30.612063150000054&amp;z=3\">Lokationen<\/a> in denen Du trainieren kannst. Werde ein Teil davon und werde Mitglied der TBBF.\r\n\r\nAls Sportfachverband TBBF vertreten wir BailongBall in Europa, bringen Spieler, Trainer und Interessierte zusammen. Den Auftrag daf\u00fcr haben wir von <a href=\"https:\/\/bailongball.com\/geschichte\/\">Professor Bai Rong<\/a>, dem Erfinder unserer Sportart.\r\n\r\nWir sorgen daf\u00fcr, dass Du als Mitglied dabei nicht nur nach den <a href=\"https:\/\/bailongball.com\/philosophie\/\">Prinzipien unseres Sports<\/a> ausgebildet wirst, sondern dass wir alle zusammen in unserem Sport weiterkommen.\r\n\r\nUnd wir unterst\u00fctzen Dich bei Events, Workshops, Wettk\u00e4mpfen, Messen, etc.:\r\n<ul>\r\n \t<li>Durch Werbung auf der TBBF Website<\/li>\r\n \t<li>Support in Social Media<\/li>\r\n \t<li>Ausleihen von Equipment<\/li>\r\n \t<li>Vermittlung von geschulten Helfern<\/li>\r\n<\/ul>\r\n\t\t<\/div>\n\t\t\t\t\t<\/div>\n\n\t\r\n\n\t<div id=\"col-1059702813\" class=\"col medium-6 small-12 large-6\"  >\n\t\t\t\t<div class=\"col-inner\"  >\n\t\t\t\n\t\t\t\r\n\r\nAls TBBF Mitglied profitierst Du dabei in vielen Bereichen:\r\n<ul>\r\n \t<li>Regelm\u00e4\u00dfigen Online Austausch<\/li>\r\n \t<li>M\u00f6glichkeit zur Teilnahme an Fortbildungen und Kursen<\/li>\r\n \t<li>\u00dcbungen und Trainings, geleitet von erfahrenen TBBF Trainern und oder Instruktoren<\/li>\r\n \t<li>Einen lebendigen Austausch zwischen Vorstand und Mitglieder<\/li>\r\n \t<li>M\u00f6glichkeit der Lizenzverl\u00e4ngerung durch Supervision<\/li>\r\n \t<li>Ein einst\u00fcndiges Training f\u00fcr Einzelmitglieder (1x im Jahr)<\/li>\r\n \t<li>Kontakte aufbauen zu vielen Spieler*innen aus verschiedenen L\u00e4ndern in und au\u00dferhalb Europas<\/li>\r\n \t<li>Zugang zu verschiedenen Events erhalten<\/li>\r\n \t<li>Regelm\u00e4\u00dfiger Austausch \u00fcber Social Media und live vor Ort<\/li>\r\n \t<li>Einfluss nehmen auf die Entwicklung unseres Sports (Deine Ideen zu Stil, Regeln, Disziplinen usw. einbringen)<\/li>\r\n \t<li>Vertreten Deiner Interessen (an j\u00e4hrlichen Treffen teilnehmen und Deiner Stimme Geh\u00f6r verschaffen, Dich selbst einbringen)<\/li>\r\n \t<li>Entwicklung und Verbreitung Deines eigenen Stils<\/li>\r\n \t<li>Pers\u00f6nliche Weiterentwicklung<\/li>\r\n<\/ul>\r\nHast Du noch Fragen? Hier findest Du weitere <a href=\"https:\/\/bailongball.com\/wp-content\/uploads\/2021\/11\/TBBF_Warum-Why.pdf\">Details<\/a>.\r\n\r\n\t\t<\/div>\n\t\t\t\t\t<\/div>\n\n\t\r\n\r\nDu m\u00f6chtest Mitglied werden? <a href=\"https:\/\/bailongball.com\/wp-content\/uploads\/2021\/09\/TBBF_Antrag-Application_V2021_DE-EN.pdf\" target=\"_blank\" rel=\"noopener\">Hier<\/a> findest Du das Antragsformular. Oder m\u00f6chtest Du erst einmal an einem Probetraining vor Ort bzw. online teilnehmen? Dann f\u00fclle einfach das Kontaktformular unten aus.\r\n\r\n<\/div>\r\n\t<div id=\"gap-314733979\" class=\"gap-element clearfix\" style=\"display:block; height:auto;\">\n\t\t\n<style>\n#gap-314733979 {\n  padding-top: 60px;\n}\n<\/style>\n\t<\/div>\n\t\r\n\r\n\n  <div class=\"banner has-hover\" id=\"banner-572261494\">\n          <div class=\"banner-inner fill\">\n        <div class=\"banner-bg fill\" >\n            <img loading=\"lazy\" decoding=\"async\" width=\"1020\" height=\"683\" src=\"https:\/\/bailongball.com\/wp-content\/uploads\/2018\/01\/Footer-1-1-1194x800.jpg\" class=\"bg attachment-large size-large\" alt=\"\" \/>                                    \n                    <\/div>\n\t\t\n        <div class=\"banner-layers container\">\n            <div class=\"fill banner-link\"><\/div>            \r\n\r\n   <div id=\"text-box-130995547\" class=\"text-box banner-layer x50 md-x50 lg-x50 y50 md-y50 lg-y50 res-text\">\n                                <div class=\"text-box-content text dark\">\n              \n              <div class=\"text-inner text-center\">\n                  \r\n<h3><strong>Werde Teil eines neuen Sports, einer neuen Bewegung<\/strong><\/h3>\r\n<h4><strong>Zusammen kommen wir alle weiter!<\/strong><\/h4>\r\n              <\/div>\n           <\/div>\n                            \n<style>\n#text-box-130995547 {\n  width: 85%;\n}\n#text-box-130995547 .text-box-content {\n  font-size: 100%;\n}\n<\/style>\n    <\/div>\n \r\n\r\n        <\/div>\n      <\/div>\n\n            \n<style>\n#banner-572261494 {\n  padding-top: 350px;\n}\n#banner-572261494 .banner-bg img {\n  object-position: 59% 55%;\n}\n<\/style>\n  <\/div>\n\n\r\n\t<div id=\"gap-2067908516\" class=\"gap-element clearfix\" style=\"display:block; height:auto;\">\n\t\t\n<style>\n#gap-2067908516 {\n  padding-top: 60px;\n}\n<\/style>\n\t<\/div>\n\t\r\n\r\n<div class=\"row\"  id=\"row-538806310\">\r\n\r\n\n\t<div id=\"col-82376998\" class=\"col small-12 large-12\"  >\n\t\t\t\t<div class=\"col-inner\"  >\n\t\t\t\n\t\t\t\r\n<p style=\"text-align: center;\"><span style=\"font-size: 150%;\"><strong>Nimm Kontakt zu uns auf!<\/strong><\/span><\/p>\r\n[contact-form-7 id=&#8220;55&#8243;]\r\n\r\n\t\t<\/div>\n\t\t\t\t\t<\/div>\n\n\t\r\n\r\n<\/div>","protected":false},"excerpt":{"rendered":"","protected":false},"author":1,"featured_media":0,"parent":9,"menu_order":0,"comment_status":"closed","ping_status":"closed","template":"page-blank.php","meta":{"footnotes":""},"class_list":["post-25","page","type-page","status-publish","hentry"],"yoast_head":"<!-- This site is optimized with the Yoast SEO plugin v27.4 - https:\/\/yoast.com\/product\/yoast-seo-wordpress\/ -->\n<title>Auto Draft - Bailong Ball<\/title>\n<meta name=\"robots\" content=\"index, follow, max-snippet:-1, max-image-preview:large, max-video-preview:-1\" \/>\n<link rel=\"canonical\" href=\"https:\/\/bailongball.com\/en\/verein\/mitgliedschaft\/\" \/>\n<meta property=\"og:locale\" content=\"en_GB\" \/>\n<meta property=\"og:type\" content=\"article\" \/>\n<meta property=\"og:title\" content=\"Auto Draft - Bailong Ball\" \/>\n<meta property=\"og:url\" content=\"https:\/\/bailongball.com\/en\/verein\/mitgliedschaft\/\" \/>\n<meta property=\"og:site_name\" content=\"Bailong Ball\" \/>\n<meta property=\"article:modified_time\" content=\"2025-03-08T21:05:59+00:00\" \/>\n<meta name=\"twitter:card\" content=\"summary_large_image\" \/>\n<meta name=\"twitter:label1\" content=\"Estimated reading time\" \/>\n\t<meta name=\"twitter:data1\" content=\"2 minutes\" \/>\n<script type=\"application\/ld+json\" class=\"yoast-schema-graph\">{\"@context\":\"https:\\\/\\\/schema.org\",\"@graph\":[{\"@type\":\"WebPage\",\"@id\":\"https:\\\/\\\/bailongball.com\\\/verein\\\/mitgliedschaft\\\/\",\"url\":\"https:\\\/\\\/bailongball.com\\\/verein\\\/mitgliedschaft\\\/\",\"name\":\"Auto Draft - Bailong Ball\",\"isPartOf\":{\"@id\":\"https:\\\/\\\/bailongball.com\\\/#website\"},\"datePublished\":\"2017-11-28T17:05:28+00:00\",\"dateModified\":\"2025-03-08T21:05:59+00:00\",\"breadcrumb\":{\"@id\":\"https:\\\/\\\/bailongball.com\\\/verein\\\/mitgliedschaft\\\/#breadcrumb\"},\"inLanguage\":\"en-GB\",\"potentialAction\":[{\"@type\":\"ReadAction\",\"target\":[\"https:\\\/\\\/bailongball.com\\\/verein\\\/mitgliedschaft\\\/\"]}]},{\"@type\":\"BreadcrumbList\",\"@id\":\"https:\\\/\\\/bailongball.com\\\/verein\\\/mitgliedschaft\\\/#breadcrumb\",\"itemListElement\":[{\"@type\":\"ListItem\",\"position\":1,\"name\":\"Startseite\",\"item\":\"https:\\\/\\\/bailongball.com\\\/\"},{\"@type\":\"ListItem\",\"position\":2,\"name\":\"Verein\",\"item\":\"https:\\\/\\\/bailongball.com\\\/verein\\\/\"},{\"@type\":\"ListItem\",\"position\":3,\"name\":\"Auto Draft\"}]},{\"@type\":\"WebSite\",\"@id\":\"https:\\\/\\\/bailongball.com\\\/#website\",\"url\":\"https:\\\/\\\/bailongball.com\\\/\",\"name\":\"Bailong Ball\",\"description\":\"\",\"potentialAction\":[{\"@type\":\"SearchAction\",\"target\":{\"@type\":\"EntryPoint\",\"urlTemplate\":\"https:\\\/\\\/bailongball.com\\\/?s={search_term_string}\"},\"query-input\":{\"@type\":\"PropertyValueSpecification\",\"valueRequired\":true,\"valueName\":\"search_term_string\"}}],\"inLanguage\":\"en-GB\"}]}<\/script>\n<!-- \/ Yoast SEO plugin. -->","yoast_head_json":{"title":"Auto Draft - Bailong Ball","robots":{"index":"index","follow":"follow","max-snippet":"max-snippet:-1","max-image-preview":"max-image-preview:large","max-video-preview":"max-video-preview:-1"},"canonical":"https:\/\/bailongball.com\/en\/verein\/mitgliedschaft\/","og_locale":"en_GB","og_type":"article","og_title":"Auto Draft - Bailong Ball","og_url":"https:\/\/bailongball.com\/en\/verein\/mitgliedschaft\/","og_site_name":"Bailong Ball","article_modified_time":"2025-03-08T21:05:59+00:00","twitter_card":"summary_large_image","twitter_misc":{"Estimated reading time":"2 minutes"},"schema":{"@context":"https:\/\/schema.org","@graph":[{"@type":"WebPage","@id":"https:\/\/bailongball.com\/verein\/mitgliedschaft\/","url":"https:\/\/bailongball.com\/verein\/mitgliedschaft\/","name":"Auto Draft - Bailong Ball","isPartOf":{"@id":"https:\/\/bailongball.com\/#website"},"datePublished":"2017-11-28T17:05:28+00:00","dateModified":"2025-03-08T21:05:59+00:00","breadcrumb":{"@id":"https:\/\/bailongball.com\/verein\/mitgliedschaft\/#breadcrumb"},"inLanguage":"en-GB","potentialAction":[{"@type":"ReadAction","target":["https:\/\/bailongball.com\/verein\/mitgliedschaft\/"]}]},{"@type":"BreadcrumbList","@id":"https:\/\/bailongball.com\/verein\/mitgliedschaft\/#breadcrumb","itemListElement":[{"@type":"ListItem","position":1,"name":"Startseite","item":"https:\/\/bailongball.com\/"},{"@type":"ListItem","position":2,"name":"Verein","item":"https:\/\/bailongball.com\/verein\/"},{"@type":"ListItem","position":3,"name":"Auto Draft"}]},{"@type":"WebSite","@id":"https:\/\/bailongball.com\/#website","url":"https:\/\/bailongball.com\/","name":"Bailong Ball","description":"","potentialAction":[{"@type":"SearchAction","target":{"@type":"EntryPoint","urlTemplate":"https:\/\/bailongball.com\/?s={search_term_string}"},"query-input":{"@type":"PropertyValueSpecification","valueRequired":true,"valueName":"search_term_string"}}],"inLanguage":"en-GB"}]}},"_links":{"self":[{"href":"https:\/\/bailongball.com\/en\/wp-json\/wp\/v2\/pages\/25","targetHints":{"allow":["GET"]}}],"collection":[{"href":"https:\/\/bailongball.com\/en\/wp-json\/wp\/v2\/pages"}],"about":[{"href":"https:\/\/bailongball.com\/en\/wp-json\/wp\/v2\/types\/page"}],"author":[{"embeddable":true,"href":"https:\/\/bailongball.com\/en\/wp-json\/wp\/v2\/users\/1"}],"replies":[{"embeddable":true,"href":"https:\/\/bailongball.com\/en\/wp-json\/wp\/v2\/comments?post=25"}],"version-history":[{"count":55,"href":"https:\/\/bailongball.com\/en\/wp-json\/wp\/v2\/pages\/25\/revisions"}],"predecessor-version":[{"id":280378,"href":"https:\/\/bailongball.com\/en\/wp-json\/wp\/v2\/pages\/25\/revisions\/280378"}],"up":[{"embeddable":true,"href":"https:\/\/bailongball.com\/en\/wp-json\/wp\/v2\/pages\/9"}],"wp:attachment":[{"href":"https:\/\/bailongball.com\/en\/wp-json\/wp\/v2\/media?parent=25"}],"curies":[{"name":"wp","href":"https:\/\/api.w.org\/{rel}","templated":true}]}}