{"id":280350,"date":"2025-03-08T22:20:43","date_gmt":"2025-03-08T21:20:43","guid":{"rendered":"https:\/\/bailongball.com\/?page_id=280350"},"modified":"2025-06-08T19:08:39","modified_gmt":"2025-06-08T17:08:39","slug":"bailongball-im-unterricht","status":"publish","type":"page","link":"https:\/\/bailongball.com\/en\/bailongball-im-unterricht\/","title":{"rendered":"Bailongball im Unterricht"},"content":{"rendered":"<div class=\"text-center\"><div class=\"is-divider divider clearfix\" style=\"margin-top:0px;margin-bottom:0px;max-width:0px;height:120px;\"><\/div><\/div>\n\n\n\t<section class=\"section\" id=\"section_1166505158\">\n\t\t<div class=\"section-bg fill\" >\n\t\t\t\t\t\t\t\t\t\n\t\t\t\n\n\t\t<\/div>\n\n\t\t\n\n\t\t<div class=\"section-content relative\">\n\t\t\t\n\n<div class=\"row align-center\"  id=\"row-1037311779\">\n\n\n\t<div id=\"col-1783077471\" class=\"col medium-10 small-12 large-10\"  >\n\t\t\t\t<div class=\"col-inner text-center\"  >\n\t\t\t\n\t\t\t\n\n<p><span style=\"font-size: 160%;\">Bailongball f\u00fcr den Unterricht<\/span><\/p>\n<h2 class=\"uppercase\"><span style=\"font-size: 100%;\"><strong>Handbuch f\u00fcr alle unterrichtende<\/strong><\/span><\/h2>\n<h3 class=\"lead uppercase\"><span style=\"font-size: 75%;\">hier findest du links zu Videos und Beitr\u00e4gen die im buch verwendet werden<\/span><\/h3>\n<p>Du hast Anregungen oder Fragen, dann melde dich gerne <a href=\"mailto:buch@bailongball.com\">bei uns<\/a>.<\/p>\n\n\t\t<\/div>\n\t\t\t\t\t<\/div>\n\n\t\n\n<\/div>\n<div class=\"row\"  id=\"row-393131584\">\n\n\n\t<div id=\"col-629418067\" class=\"col small-12 large-12\"  >\n\t\t\t\t<div class=\"col-inner\"  >\n\t\t\t\n\t\t\t\n\n<div class=\"row\"  id=\"row-1464999460\">\n\n\n\t<div id=\"col-1007477760\" class=\"col small-12 large-12\"  >\n\t\t\t\t<div class=\"col-inner\"  >\n\t\t\t\n\t\t\t\n\n<h2>I. Modul BASIC<\/h2>\n<div><strong>Ballspiele nur mit Ball<\/strong><\/div>\n<div><a href=\"https:\/\/bailongball.com\/en\/fingerfertigkeiten-fuer-freestyle-teil-1\/\">Fingerfertigkeiten mit Ball<\/a><\/div>\n<div><a href=\"https:\/\/bailongball.com\/wp-content\/uploads\/2025\/03\/aufwaermuebunge_nur-mit-ball-fritjof.mp4\">Aufw\u00e4rm\u00fcbungen nur mit Ball<\/a> (Hochwerfen und Fangen des Balles \u00fcber dem Kopf, \u00fcber den Kopf mit Ball auf dem Handr\u00fccken, Ball vor den K\u00f6rper, Jonglieren, \u00fcber die Hand rollen, bis zu Ellenbogen rollen)<\/div>\n<div>\n<ol>\n<li><a href=\"https:\/\/bailongball.com\/wp-content\/uploads\/2025\/06\/module-1-ball-hochverfen.mp4\">Hochwerfen und Fangen<\/a> des Balles, gezieltes Schwingen<\/li>\n<li><span style=\"color: #333333; font-size: 14.4px;\">U-Swinging<\/span><\/li>\n<li><a href=\"https:\/\/bailongball.com\/wp-content\/uploads\/2025\/06\/module-1-ball-jonglieren.mp4\">Jonglieren<\/a><\/li>\n<li><a href=\"https:\/\/bailongball.com\/wp-content\/uploads\/2025\/06\/module-1-ball-mit-partner.mp4\">U- Schwingen mit einem oder mehreren Partnern im Wechsel \u00fcben<\/a><\/li>\n<\/ol>\n<\/div>\n<div><strong>Racket-und-Ball<\/strong><\/div>\n<div><a href=\"https:\/\/bailongball.com\/en\/tbba-zertifizierungen-so-wirst-du-zum-junior-trainer\/\">Blogbeitrag Art Techniken\u00a0\u00a0\u00a0<\/a><\/div>\n<div><a href=\"https:\/\/bailongball.com\/wp-content\/uploads\/2025\/03\/Basisuebungen_kurz_1.mp4\">Basis \u00dcbungen <\/a>(U-Schwingen, U-Dynamisch, Himmelskreisen, K\u00f6rperzirkel, Acht, 180 Grad \u00fcber die Schulter, \u00dc- Schwingen, Racket drehen, Spiegel mit Ball rauslassen, Papierrolle)<\/div>\n<div><a href=\"https:\/\/bailongball.com\/wp-content\/uploads\/2025\/06\/module-1-racket-und-ball-musik.mp4\">Video Link zu<\/a>:<\/div>\n<ol>\n<li>U-Swinging<\/li>\n<li>\u00dc-Schwingen<\/li>\n<li>horizontales Drehen<\/li>\n<li>Spiegel schwingen<\/li>\n<li>\n<div>Bewegung mit Musik, kleine Choreo<\/div>\n<\/li>\n<\/ol>\n<div><a href=\"https:\/\/bailongball.com\/wp-content\/uploads\/2025\/03\/Basisubungen-mit-Racket-und-Ball.mp4\">Zusammen gestellt alle \u00dcbungen<\/a><\/div>\n<div>\u00a0<\/div>\n<div><strong>Miteinander-Spiel mit Racket &amp; Ball<\/strong><\/div>\n<div><a href=\"https:\/\/bailongball.com\/wp-content\/uploads\/2025\/06\/module-1-ball-Racket-mit-partnern.mp4\">Video link<\/a><\/div>\n<div class=\"text-center\"><div class=\"is-divider divider clearfix\" ><\/div><\/div>\n\n\n\t\t<\/div>\n\t\t\t\t\t<\/div>\n\n\t\n\n\t<div id=\"col-1081479791\" class=\"col small-12 large-12\"  >\n\t\t\t\t<div class=\"col-inner\"  >\n\t\t\t\n\t\t\t\n\n<h2>II. Modul GAME Miteinander<\/h2>\n<p>Bitte darauf achten, dass es zu einigen Techniken auch Blogbeitr\u00e4ge gibt:<\/p>\n<p><blockquote class=\"wp-embedded-content\" data-secret=\"fBRjhIHHZ8\"><a href=\"https:\/\/bailongball.com\/en\/fortgeschrittene-techniken-unter-dem-bein\/\">Advanced Techniques \u2013 Under the Leg<\/a><\/blockquote><iframe loading=\"lazy\" class=\"wp-embedded-content\" sandbox=\"allow-scripts\" security=\"restricted\" style=\"position: absolute; visibility: hidden;\" title=\"&#8222;Fortgeschrittene Techniken \u2013 unter dem Bein&#8220; &#8212; Bailong Ball\" src=\"https:\/\/bailongball.com\/fortgeschrittene-techniken-unter-dem-bein\/embed\/#?secret=O0tXKVfrhu#?secret=fBRjhIHHZ8\" data-secret=\"fBRjhIHHZ8\" width=\"600\" height=\"338\" frameborder=\"0\" marginwidth=\"0\" marginheight=\"0\" scrolling=\"no\"><\/iframe><\/p>\n<p><blockquote class=\"wp-embedded-content\" data-secret=\"hlNBcj1HGF\"><a href=\"https:\/\/bailongball.com\/en\/basic-techniques-the-low-forehand\/\">Basic Techniques \u2013 the Low Forehand<\/a><\/blockquote><iframe loading=\"lazy\" class=\"wp-embedded-content\" sandbox=\"allow-scripts\" security=\"restricted\" style=\"position: absolute; visibility: hidden;\" title=\"&#8222;Grundtechniken &#8211; die tiefe Vorhand&#8220; &#8212; Bailong Ball\" src=\"https:\/\/bailongball.com\/basic-techniques-the-low-forehand\/embed\/#?secret=5kIkA00H4r#?secret=hlNBcj1HGF\" data-secret=\"hlNBcj1HGF\" width=\"600\" height=\"338\" frameborder=\"0\" marginwidth=\"0\" marginheight=\"0\" scrolling=\"no\"><\/iframe><\/p>\n<p><blockquote class=\"wp-embedded-content\" data-secret=\"tmNB39xfPB\"><a href=\"https:\/\/bailongball.com\/en\/grundtechniken-die-tiefe-rueckhand\/\">Basic Techniques \u2013 The Low Backhand<\/a><\/blockquote><iframe loading=\"lazy\" class=\"wp-embedded-content\" sandbox=\"allow-scripts\" security=\"restricted\" style=\"position: absolute; visibility: hidden;\" title=\"&#8222;Grundtechniken &#8211; die tiefe R\u00fcckhand&#8220; &#8212; Bailong Ball\" src=\"https:\/\/bailongball.com\/grundtechniken-die-tiefe-rueckhand\/embed\/#?secret=J7OLRM6xdE#?secret=tmNB39xfPB\" data-secret=\"tmNB39xfPB\" width=\"600\" height=\"338\" frameborder=\"0\" marginwidth=\"0\" marginheight=\"0\" scrolling=\"no\"><\/iframe><\/p>\n<p><blockquote class=\"wp-embedded-content\" data-secret=\"vcsZCTJ99e\"><a href=\"https:\/\/bailongball.com\/en\/basic-techniques-the-high-forehand\/\">Basic Techniques \u2013 the High Forehand<\/a><\/blockquote><iframe loading=\"lazy\" class=\"wp-embedded-content\" sandbox=\"allow-scripts\" security=\"restricted\" style=\"position: absolute; visibility: hidden;\" title=\"&#8222;Grundtechniken &#8211; die hohe Vorhand&#8220; &#8212; Bailong Ball\" src=\"https:\/\/bailongball.com\/basic-techniques-the-high-forehand\/embed\/#?secret=msTvuioQeI#?secret=vcsZCTJ99e\" data-secret=\"vcsZCTJ99e\" width=\"600\" height=\"338\" frameborder=\"0\" marginwidth=\"0\" marginheight=\"0\" scrolling=\"no\"><\/iframe><\/p>\n<p><blockquote class=\"wp-embedded-content\" data-secret=\"tXaoqxf4Kn\"><a href=\"https:\/\/bailongball.com\/en\/basic-techniques-the-high-backhand\/\">Basic Techniques \u2013 the High Backhand<\/a><\/blockquote><iframe loading=\"lazy\" class=\"wp-embedded-content\" sandbox=\"allow-scripts\" security=\"restricted\" style=\"position: absolute; visibility: hidden;\" title=\"&#8222;Grundtechniken &#8211; die hohe R\u00fcckhand&#8220; &#8212; Bailong Ball\" src=\"https:\/\/bailongball.com\/basic-techniques-the-high-backhand\/embed\/#?secret=ncib7SQEMZ#?secret=tXaoqxf4Kn\" data-secret=\"tXaoqxf4Kn\" width=\"600\" height=\"338\" frameborder=\"0\" marginwidth=\"0\" marginheight=\"0\" scrolling=\"no\"><\/iframe><\/p>\n<p><blockquote class=\"wp-embedded-content\" data-secret=\"KcokOh6U11\"><a href=\"https:\/\/bailongball.com\/en\/grundtechniken-diagonale-rechts-2\/\">Basic Techniques \u2013 Diagonal to the Right<\/a><\/blockquote><iframe loading=\"lazy\" class=\"wp-embedded-content\" sandbox=\"allow-scripts\" security=\"restricted\" style=\"position: absolute; visibility: hidden;\" title=\"&#8222;Grundtechniken &#8211; Diagonale nach rechts&#8220; &#8212; Bailong Ball\" src=\"https:\/\/bailongball.com\/grundtechniken-diagonale-rechts-2\/embed\/#?secret=sfQhwp3a2A#?secret=KcokOh6U11\" data-secret=\"KcokOh6U11\" width=\"600\" height=\"338\" frameborder=\"0\" marginwidth=\"0\" marginheight=\"0\" scrolling=\"no\"><\/iframe><\/p>\n<p><blockquote class=\"wp-embedded-content\" data-secret=\"ZJFKgL70l6\"><a href=\"https:\/\/bailongball.com\/en\/grundtechniken-diagonale-links\/\">Basic Techniques \u2013 Diagonal to the Left<\/a><\/blockquote><iframe loading=\"lazy\" class=\"wp-embedded-content\" sandbox=\"allow-scripts\" security=\"restricted\" style=\"position: absolute; visibility: hidden;\" title=\"&#8222;Grundtechniken &#8211; Diagonale nach links&#8220; &#8212; Bailong Ball\" src=\"https:\/\/bailongball.com\/grundtechniken-diagonale-links\/embed\/#?secret=rD04Y0yvDA#?secret=ZJFKgL70l6\" data-secret=\"ZJFKgL70l6\" width=\"600\" height=\"338\" frameborder=\"0\" marginwidth=\"0\" marginheight=\"0\" scrolling=\"no\"><\/iframe><\/p>\n<p><blockquote class=\"wp-embedded-content\" data-secret=\"3qJ5ytFBO3\"><a href=\"https:\/\/bailongball.com\/en\/fortgeschrittene-techniken-um-die-knie\/\">Advanced Techniques \u2013 behind the back and pivoting<\/a><\/blockquote><iframe loading=\"lazy\" class=\"wp-embedded-content\" sandbox=\"allow-scripts\" security=\"restricted\" style=\"position: absolute; visibility: hidden;\" title=\"&#8222;Fortgeschrittene Techniken &#8211; hinter dem R\u00fccken mit Drehung&#8220; &#8212; Bailong Ball\" src=\"https:\/\/bailongball.com\/fortgeschrittene-techniken-um-die-knie\/embed\/#?secret=1L6X7171iZ#?secret=3qJ5ytFBO3\" data-secret=\"3qJ5ytFBO3\" width=\"600\" height=\"338\" frameborder=\"0\" marginwidth=\"0\" marginheight=\"0\" scrolling=\"no\"><\/iframe><\/p>\n<p><blockquote class=\"wp-embedded-content\" data-secret=\"Kgi82zudDR\"><a href=\"https:\/\/bailongball.com\/en\/fortgeschrittene-techniken-hinter-dem-kopf\/\">Advanced Techniques \u2013 Behind the Head<\/a><\/blockquote><iframe loading=\"lazy\" class=\"wp-embedded-content\" sandbox=\"allow-scripts\" security=\"restricted\" style=\"position: absolute; visibility: hidden;\" title=\"&#8222;Fortgeschrittene Techniken &#8211; hinter dem Kopf&#8220; &#8212; Bailong Ball\" src=\"https:\/\/bailongball.com\/fortgeschrittene-techniken-hinter-dem-kopf\/embed\/#?secret=wf05YTxbgL#?secret=Kgi82zudDR\" data-secret=\"Kgi82zudDR\" width=\"600\" height=\"338\" frameborder=\"0\" marginwidth=\"0\" marginheight=\"0\" scrolling=\"no\"><\/iframe><\/p>\n<p><a href=\"https:\/\/bailongball.com\/en\/home\/der-sport\/der-sport-game-techniken\/\">game-techniken alle im \u00dcberblick<\/a><\/p>\n<p>\u00dc-Schwingen<\/p>\n<p>U-Schwingen mit Ball rauslassen<\/p>\n<p><a href=\"https:\/\/bailongball.com\/wp-content\/uploads\/2025\/03\/U1-bis-18_03_17.mp4\">Alle Techniken zusammengefasst in einem Video<\/a><\/p>\n<p><strong>Alle Techniken einzeln zum anschauen:<\/strong><\/p>\n<p><a href=\"https:\/\/bailongball.com\/wp-content\/uploads\/2025\/02\/aufschwung.mp4\">Serve<\/a><\/p>\n<p><a href=\"https:\/\/bailongball.com\/wp-content\/uploads\/2025\/02\/aufschwung-rueckhand.mp4\">Backhand Serve<\/a><\/p>\n<ol>\n<li><a href=\"https:\/\/bailongball.com\/wp-content\/uploads\/2025\/02\/hohe-vorhand.mp4\">Vorhand &#8211; hoch<\/a><\/li>\n<li><a href=\"https:\/\/bailongball.com\/wp-content\/uploads\/2025\/02\/tiefe-vorhand.mp4\">Vorhand tief<\/a><\/li>\n<li><a href=\"https:\/\/bailongball.com\/wp-content\/uploads\/2025\/02\/eingesprungen-tiefe-vorhand.mp4\">Vorhand \u2013 gesprungen<\/a><\/li>\n<li><a href=\"https:\/\/bailongball.com\/wp-content\/uploads\/2025\/02\/tiefe-rueckhand.mp4\">R\u00fcckhand \u2013 tief<\/a><\/li>\n<li><a href=\"https:\/\/bailongball.com\/wp-content\/uploads\/2025\/02\/hohe-rueckhand.mp4\">R\u00fcckhand \u2013 hoch<\/a><\/li>\n<li><a href=\"https:\/\/bailongball.com\/wp-content\/uploads\/2025\/02\/links-vor-dem-koerper-seitlicher-griff.mp4\">vor dem K\u00f6rper \u00a0\u2013 links<\/a><\/li>\n<li><a href=\"https:\/\/bailongball.com\/wp-content\/uploads\/2025\/02\/rechts-vor-dem-koerper.mp4\">vor dem K\u00f6rper \u2013 rechts\u00a0<\/a><\/li>\n<li><a href=\"https:\/\/bailongball.com\/wp-content\/uploads\/2025\/02\/diagonale-links.mp4\">Diagonale \u2013 links<\/a><\/li>\n<li><a href=\"https:\/\/bailongball.com\/wp-content\/uploads\/2025\/02\/diagonale-rechts.mp4\">Diagonale \u2013 rechts<\/a><\/li>\n<li><a href=\"https:\/\/bailongball.com\/wp-content\/uploads\/2025\/02\/eingesprungen-diagonale-links.mp4\">Diagonale links \u2013 gesprungen<\/a><\/li>\n<li><a href=\"https:\/\/bailongball.com\/wp-content\/uploads\/2025\/02\/eingesprungen-diagonale-rechts-beidfuessig.mp4\">Diagonale rechts \u2013 gesprungen\u00a0<\/a><\/li>\n<li><a href=\"https:\/\/bailongball.com\/wp-content\/uploads\/2025\/02\/kopfhoehe-links.mp4\">auf Kopfh\u00f6he \u2013 links<\/a><\/li>\n<li><a href=\"https:\/\/bailongball.com\/wp-content\/uploads\/2025\/02\/kopfhoehe-rechts.mp4\">auf Kopfh\u00f6he \u2013 rechts<\/a><\/li>\n<li><a href=\"https:\/\/bailongball.com\/wp-content\/uploads\/2025\/02\/schulterhoehe-links.mp4\">\u00fcber die Schulter &#8211; links<\/a><\/li>\n<li><a href=\"https:\/\/bailongball.com\/wp-content\/uploads\/2025\/02\/schulterhoehe-rechts.mp4\">\u00fcber die Schulter &#8211; rechts<\/a><\/li>\n<li><a href=\"https:\/\/bailongball.com\/wp-content\/uploads\/2025\/02\/unter-dem-bein-links.mp4\">unter einem Bein links \u00a0<\/a><\/li>\n<li><a href=\"https:\/\/bailongball.com\/wp-content\/uploads\/2025\/02\/unter-dem-bein-rechts.mp4\">unter dem Bein rechts<\/a><\/li>\n<li><a href=\"https:\/\/bailongball.com\/wp-content\/uploads\/2025\/02\/hinter-dem-ruecken-invers.mp4\">hinter dem R\u00fccken &#8211; links<\/a><\/li>\n<li><a href=\"https:\/\/bailongball.com\/wp-content\/uploads\/2025\/02\/hinter-dem-ruecken-vorwaerts.mp4\">hinter dem R\u00fccken &#8211; rechts<\/a><\/li>\n<\/ol>\n<p>\u00a0<\/p>\n\n\t\t<\/div>\n\t\t\t\t\t<\/div>\n\n\t\n\n\t<div id=\"col-908267669\" class=\"col small-12 large-12\"  >\n\t\t\t\t<div class=\"col-inner\"  >\n\t\t\t\n\t\t\t\n\n<h2>III. Modul ART Individuell<\/h2>\n<p><b>nach dem Rhythmus der Musik bewegen<\/b><b><\/b><\/p>\n<p><a href=\"https:\/\/bailongball.com\/en\/home\/der-sport\/der-sport-art-choreo-individual\/\">art-choreo-individual<\/a><\/p>\n<p><b>Bewegungen lernen f\u00fcr Freestyle Elemente<\/b><b><\/b><\/p>\n<p><a href=\"https:\/\/Bailongball.com\/home\/der-sport\/der-sport-art-freestyle\/\">art-freestyle elemente\u00a0<\/a><\/p>\n<p><a href=\"https:\/\/test.bailongball.com\/wp-content\/uploads\/2020\/09\/Solotechniken.mp4?_=3\">Grundtechniken\u00a0<\/a><\/p>\n<ol>\n<li>Spiegel dynamisch<\/li>\n<li>Acht\u00a0<\/li>\n<li>Sky Circle\u00a0<\/li>\n<li>Body Circle<\/li>\n<li>Diagonale\u00a0<\/li>\n<\/ol>\n<p><b>kleine Choreografien selbst\u00e4ndig erarbeiten<\/b><b><\/b><\/p>\n<p><a href=\"https:\/\/bailongball.com\/wp-content\/uploads\/2025\/06\/module-3ball-Racket-.mp4\">Video Link zu:<\/a><\/p>\n<ol>\n<li>Racket drehen ohne Ball<\/li>\n<li>Papierrolle<\/li>\n<li>drehender Spiegel<\/li>\n<li>Lasso\u00a0<\/li>\n<\/ol>\n\n\t\t<\/div>\n\t\t\t\t\t<\/div>\n\n\t\n\n\t<div id=\"col-1012012670\" class=\"col small-12 large-12\"  >\n\t\t\t\t<div class=\"col-inner\"  >\n\t\t\t\n\t\t\t\n\n<h2>IV. Modul ART Standard<\/h2>\n<ol>\n<li><a href=\"https:\/\/bailongball.com\/wp-content\/uploads\/2022\/12\/Art-Choreo-Standard-Standardform-1-fritjof-deutsch.mp4\">Standard Form<\/a><\/li>\n<\/ol>\n<div style=\"width: 640px;\" class=\"wp-video\"><video class=\"wp-video-shortcode\" id=\"video-280350-1\" width=\"640\" height=\"360\" preload=\"metadata\" controls=\"controls\"><source type=\"video\/mp4\" src=\"https:\/\/bailongball.com\/wp-content\/uploads\/2022\/12\/Art-Choreo-Standard-Standardform-1-fritjof-deutsch.mp4?_=1\" \/><a href=\"https:\/\/bailongball.com\/wp-content\/uploads\/2022\/12\/Art-Choreo-Standard-Standardform-1-fritjof-deutsch.mp4\">https:\/\/bailongball.com\/wp-content\/uploads\/2022\/12\/Art-Choreo-Standard-Standardform-1-fritjof-deutsch.mp4<\/a><\/video><\/div>\n<ol>\n<li>U-schwingen (statisch)<\/li>\n<li>U-schwingen (dynamisch)<\/li>\n<li>Spiegel (statisch)<\/li>\n<li>Spiegel (dynamisch)<\/li>\n<li>Waagerechte Drehung 180\u00b0<\/li>\n<li>Vertikale Drehung 360\u00b0<\/li>\n<li>Ball rauslassen<\/li>\n<li>Ball rauslassen und Schl\u00e4ger 90\u00b0 drehen<\/li>\n<li>Spiegel mit Ball rauslassen (statisch)<\/li>\n<li>Spiegel mit Ball rauslassen (dynamisch)<\/li>\n<li>Unter den Beinen<\/li>\n<li>Hinter dem R\u00fccken<\/li>\n<li>U-schwingen (dynamisch)<\/li>\n<li>U-schwingen (statisch)<\/li>\n<\/ol>\n<p>&nbsp;<\/p>\n\n\t\t<\/div>\n\t\t\t\t\t<\/div>\n\n\t\n\n\t<div id=\"col-1091409915\" class=\"col small-12 large-12\"  >\n\t\t\t\t<div class=\"col-inner\"  >\n\t\t\t\n\t\t\t\n\n<h2>Weitere Formen:<\/h2>\n<p style=\"font-weight: 400;\"><a href=\"https:\/\/bailongball.com\/en\/discipline\/art+standard\/page\/2\/?s=art\">Basisform Blogbeitrag <\/a><a href=\"https:\/\/bailongball.com\/wp-content\/uploads\/2022\/12\/Art-Choreo-Standard-Basis-Xiaofei-und-Mike-deutsch.mp4\">Basis Form<\/a><\/p>\n<p style=\"font-weight: 400;\"><a href=\"https:\/\/bailongball.com\/en\/Bailongball-formen-ein-beispiel-teil-1\/\">Formen-ein-beispiel-teil-1<\/a><\/p>\n<p style=\"font-weight: 400;\"><a href=\"https:\/\/bailongball.com\/en\/Bailongball-formen-ein-beispiel-teil-2\/\">Formen-ein-beispiel-teil-2<\/a><\/p>\n<p style=\"font-weight: 400;\"><a href=\"https:\/\/bailongball.com\/en\/Bailongball-formen-ein-beispiel-teil-3\/\">Formen-ein-beispiel-teil-3<\/a><\/p>\n<p style=\"font-weight: 400;\"><a href=\"https:\/\/bailongball.com\/en\/Bailongball-formen-ein-beispiel-teil-4\/\">Formen-ein-beispiel-teil-4<\/a><\/p>\n<p style=\"font-weight: 400;\"><a href=\"https:\/\/bailongball.com\/en\/Bailongball-formen-ein-beispiel-teil-5\/\">Formen-ein-beispiel-teil-5<\/a><\/p>\n<p><a href=\"https:\/\/bailongball.com\/wp-content\/uploads\/2022\/12\/Art-Choreo-Standard-Duan-8-olga.mp4\">Freie Form<\/a><\/p>\n<p><a href=\"https:\/\/bailongball.com\/wp-content\/uploads\/2022\/12\/Art-Choreo-Standard-Duan-24-TBBF_Ukraine.mp4\">Formation in der Gruppe<\/a><\/p>\n<h2>Alternative Spielm\u00f6glichkeiten:<\/h2>\n<p style=\"font-weight: 400;\"><a href=\"https:\/\/bailongball.com\/en\/cooperate-mini-wettkampf-mal-anders\/\">Cooperate-mini-wettkampf-mal-anders<\/a><\/p>\n<p style=\"font-weight: 400;\"><a href=\"https:\/\/bailongball.com\/en\/compete-mini-competition-without-hurdles\/\">Compete-mini-competition<\/a><\/p>\n<p style=\"font-weight: 400;\"><a href=\"https:\/\/bailongball.com\/en\/home\/der-sport\/der-sport-game-opposing-nonet-basket\/\">Basket<\/a><\/p>\n<p style=\"font-weight: 400;\"><a href=\"https:\/\/bailongball.com\/en\/home\/der-sport\/der-sport-game-cooperating-net-standard\/\">Game-miteinander-netz-standard<\/a><\/p>\n<h2>Weitere Art Freestyle M\u00f6glichkeiten:<\/h2>\n<p><a href=\"https:\/\/bailongball.com\/wp-content\/uploads\/2023\/02\/Freestyle_03.mp4\">alleine<\/a><\/p>\n<p><a href=\"https:\/\/bailongball.com\/wp-content\/uploads\/2023\/02\/Freestyle_01.mp4\">mit verschiedenen Personen&nbsp;<\/a><\/p>\n<p><a href=\"https:\/\/bailongball.com\/wp-content\/uploads\/2023\/02\/Freestyle_02.mp4\">als Gruppe<\/a><\/p>\n<p><a href=\"https:\/\/bailongball.com\/en\/freestyle-elemente-racket-drehen-teil-1\/\">Elemente RacketdrehenTeil 1<\/a><\/p>\n<p><a href=\"https:\/\/bailongball.com\/en\/freestyle-elemente-racketdrehen-teil-2\/\">Elemente Racketdrehen Teil 2<\/a><\/p>\n<p><a href=\"https:\/\/bailongball.com\/en\/freestyle-element-racketdrehen-teil-3\/\">Elemente RacketdrehenTeil 3<\/a><\/p>\n\n\t\t<\/div>\n\t\t\t\t\t<\/div>\n\n\t\n\n<\/div>\n\n\t\t<\/div>\n\t\t\t\t\t<\/div>\n\n\t\n\n<\/div>\n\n\t\t<\/div>\n\n\t\t\n<style>\n#section_1166505158 {\n  padding-top: 60px;\n  padding-bottom: 60px;\n  min-height: 300px;\n  background-color: rgb(245, 245, 245);\n}\n<\/style>\n\t<\/section>\n\t\n\n\n\n<p><\/p>","protected":false},"excerpt":{"rendered":"","protected":false},"author":10,"featured_media":0,"parent":0,"menu_order":0,"comment_status":"closed","ping_status":"closed","template":"page-transparent-header-light.php","meta":{"footnotes":""},"class_list":["post-280350","page","type-page","status-publish","hentry"],"yoast_head":"<!-- This site is optimized with the Yoast SEO plugin v27.4 - https:\/\/yoast.com\/product\/yoast-seo-wordpress\/ -->\n<title>Bailongball im Unterricht - Bailong Ball<\/title>\n<meta name=\"robots\" content=\"index, follow, max-snippet:-1, max-image-preview:large, max-video-preview:-1\" \/>\n<link rel=\"canonical\" href=\"https:\/\/bailongball.com\/en\/bailongball-im-unterricht\/\" \/>\n<meta property=\"og:locale\" content=\"en_GB\" \/>\n<meta property=\"og:type\" content=\"article\" \/>\n<meta property=\"og:title\" content=\"Bailongball im Unterricht - Bailong Ball\" \/>\n<meta property=\"og:url\" content=\"https:\/\/bailongball.com\/en\/bailongball-im-unterricht\/\" \/>\n<meta property=\"og:site_name\" content=\"Bailong Ball\" \/>\n<meta property=\"article:modified_time\" content=\"2025-06-08T17:08:39+00:00\" \/>\n<meta name=\"twitter:card\" content=\"summary_large_image\" \/>\n<meta name=\"twitter:label1\" content=\"Estimated reading time\" \/>\n\t<meta name=\"twitter:data1\" content=\"3 minutes\" \/>\n<script type=\"application\/ld+json\" class=\"yoast-schema-graph\">{\"@context\":\"https:\\\/\\\/schema.org\",\"@graph\":[{\"@type\":\"WebPage\",\"@id\":\"https:\\\/\\\/bailongball.com\\\/bailongball-im-unterricht\\\/\",\"url\":\"https:\\\/\\\/bailongball.com\\\/bailongball-im-unterricht\\\/\",\"name\":\"Bailongball im Unterricht - Bailong Ball\",\"isPartOf\":{\"@id\":\"https:\\\/\\\/bailongball.com\\\/#website\"},\"datePublished\":\"2025-03-08T21:20:43+00:00\",\"dateModified\":\"2025-06-08T17:08:39+00:00\",\"breadcrumb\":{\"@id\":\"https:\\\/\\\/bailongball.com\\\/bailongball-im-unterricht\\\/#breadcrumb\"},\"inLanguage\":\"en-GB\",\"potentialAction\":[{\"@type\":\"ReadAction\",\"target\":[\"https:\\\/\\\/bailongball.com\\\/bailongball-im-unterricht\\\/\"]}]},{\"@type\":\"BreadcrumbList\",\"@id\":\"https:\\\/\\\/bailongball.com\\\/bailongball-im-unterricht\\\/#breadcrumb\",\"itemListElement\":[{\"@type\":\"ListItem\",\"position\":1,\"name\":\"Startseite\",\"item\":\"https:\\\/\\\/bailongball.com\\\/\"},{\"@type\":\"ListItem\",\"position\":2,\"name\":\"Bailongball im Unterricht\"}]},{\"@type\":\"WebSite\",\"@id\":\"https:\\\/\\\/bailongball.com\\\/#website\",\"url\":\"https:\\\/\\\/bailongball.com\\\/\",\"name\":\"Bailong Ball\",\"description\":\"\",\"potentialAction\":[{\"@type\":\"SearchAction\",\"target\":{\"@type\":\"EntryPoint\",\"urlTemplate\":\"https:\\\/\\\/bailongball.com\\\/?s={search_term_string}\"},\"query-input\":{\"@type\":\"PropertyValueSpecification\",\"valueRequired\":true,\"valueName\":\"search_term_string\"}}],\"inLanguage\":\"en-GB\"}]}<\/script>\n<!-- \/ Yoast SEO plugin. -->","yoast_head_json":{"title":"Bailongball im Unterricht - Bailong Ball","robots":{"index":"index","follow":"follow","max-snippet":"max-snippet:-1","max-image-preview":"max-image-preview:large","max-video-preview":"max-video-preview:-1"},"canonical":"https:\/\/bailongball.com\/en\/bailongball-im-unterricht\/","og_locale":"en_GB","og_type":"article","og_title":"Bailongball im Unterricht - Bailong Ball","og_url":"https:\/\/bailongball.com\/en\/bailongball-im-unterricht\/","og_site_name":"Bailong Ball","article_modified_time":"2025-06-08T17:08:39+00:00","twitter_card":"summary_large_image","twitter_misc":{"Estimated reading time":"3 minutes"},"schema":{"@context":"https:\/\/schema.org","@graph":[{"@type":"WebPage","@id":"https:\/\/bailongball.com\/bailongball-im-unterricht\/","url":"https:\/\/bailongball.com\/bailongball-im-unterricht\/","name":"Bailongball im Unterricht - Bailong Ball","isPartOf":{"@id":"https:\/\/bailongball.com\/#website"},"datePublished":"2025-03-08T21:20:43+00:00","dateModified":"2025-06-08T17:08:39+00:00","breadcrumb":{"@id":"https:\/\/bailongball.com\/bailongball-im-unterricht\/#breadcrumb"},"inLanguage":"en-GB","potentialAction":[{"@type":"ReadAction","target":["https:\/\/bailongball.com\/bailongball-im-unterricht\/"]}]},{"@type":"BreadcrumbList","@id":"https:\/\/bailongball.com\/bailongball-im-unterricht\/#breadcrumb","itemListElement":[{"@type":"ListItem","position":1,"name":"Startseite","item":"https:\/\/bailongball.com\/"},{"@type":"ListItem","position":2,"name":"Bailongball im Unterricht"}]},{"@type":"WebSite","@id":"https:\/\/bailongball.com\/#website","url":"https:\/\/bailongball.com\/","name":"Bailong Ball","description":"","potentialAction":[{"@type":"SearchAction","target":{"@type":"EntryPoint","urlTemplate":"https:\/\/bailongball.com\/?s={search_term_string}"},"query-input":{"@type":"PropertyValueSpecification","valueRequired":true,"valueName":"search_term_string"}}],"inLanguage":"en-GB"}]}},"_links":{"self":[{"href":"https:\/\/bailongball.com\/en\/wp-json\/wp\/v2\/pages\/280350","targetHints":{"allow":["GET"]}}],"collection":[{"href":"https:\/\/bailongball.com\/en\/wp-json\/wp\/v2\/pages"}],"about":[{"href":"https:\/\/bailongball.com\/en\/wp-json\/wp\/v2\/types\/page"}],"author":[{"embeddable":true,"href":"https:\/\/bailongball.com\/en\/wp-json\/wp\/v2\/users\/10"}],"replies":[{"embeddable":true,"href":"https:\/\/bailongball.com\/en\/wp-json\/wp\/v2\/comments?post=280350"}],"version-history":[{"count":71,"href":"https:\/\/bailongball.com\/en\/wp-json\/wp\/v2\/pages\/280350\/revisions"}],"predecessor-version":[{"id":280802,"href":"https:\/\/bailongball.com\/en\/wp-json\/wp\/v2\/pages\/280350\/revisions\/280802"}],"wp:attachment":[{"href":"https:\/\/bailongball.com\/en\/wp-json\/wp\/v2\/media?parent=280350"}],"curies":[{"name":"wp","href":"https:\/\/api.w.org\/{rel}","templated":true}]}}