{"id":280812,"date":"2025-06-10T18:05:42","date_gmt":"2025-06-10T16:05:42","guid":{"rendered":"https:\/\/bailongball.com\/verein\/trainer-werden-2\/"},"modified":"2025-07-23T19:39:45","modified_gmt":"2025-07-23T17:39:45","slug":"publikationen","status":"publish","type":"page","link":"https:\/\/bailongball.com\/en\/verein\/publikationen\/","title":{"rendered":"Publikationen"},"content":{"rendered":"<div class=\"banner has-hover\" id=\"banner-463215376\">\n          <div class=\"banner-inner fill\">\n        <div class=\"banner-bg fill\" >\n                                                \n                    <\/div>\n\t\t\n        <div class=\"banner-layers container\">\n            <div class=\"fill banner-link\"><\/div>            \n\n<\/p>\n<p>\n   <div id=\"text-box-813307742\" class=\"text-box banner-layer x50 md-x50 lg-x50 y50 md-y50 lg-y50 res-text\">\n                                <div class=\"text-box-content text dark\">\n              \n              <div class=\"text-inner text-right\">\n                  \n\n\t<div id=\"text-2195953741\" class=\"text\">\n\t\t\n\n<\/p><h4 class=\"lead\" style=\"text-align: center;\"><span style=\"color: #fcfcfc;\"><strong>Handbuch<\/strong><\/span><\/h4>\n<h1 style=\"text-align: center;\"><span style=\"color: #fcfcfc;\"><strong>Bailongball im Unterricht<\/strong><\/span><\/h1>\n<h3 class=\"lead\" style=\"text-align: center;\"><span style=\"color: #fcfcfc;\"><strong>Harmonie in Bewegung &#8211; Fitness trifft Kreativit\u00e4t<\/strong><\/span><\/h3>\n<p>&nbsp;<\/p>\n\t\t\n<style>\n#text-2195953741 {\n  font-size: 1rem;\n  line-height: 1.45;\n}\n<\/style>\n\t<\/div>\n\t\n\n              <\/div>\n           <\/div>\n                            \n<style>\n#text-box-813307742 {\n  width: 62%;\n}\n#text-box-813307742 .text-box-content {\n  font-size: 100%;\n}\n<\/style>\n    <\/div>\n \n<p><\/p>\n<p>\n\n        <\/div>\n      <\/div>\n\n            \n<style>\n#banner-463215376 {\n  padding-top: 500px;\n}\n<\/style>\n  <\/div>\n\n\n\t<div id=\"gap-1375249834\" class=\"gap-element clearfix\" style=\"display:block; height:auto;\">\n\t\t\n<style>\n#gap-1375249834 {\n  padding-top: 60px;\n}\n<\/style>\n\t<\/div>\n\t\n\n<p><\/p>\n<div class=\"row\"  id=\"row-1170833908\">\n\n<\/p>\n<p>\n\n\t<div id=\"col-2046382911\" class=\"col small-12 large-12\"  >\n\t\t\t\t<div class=\"col-inner\"  >\n\t\t\t\n\t\t\t\n\n<\/p>\n<p class=\"lead\">Du bist Lehrer \/ Trainer \/ Unterrichtender \/ &#8230; und m\u00f6chtest Bailongball in Dein Programm aufnehmen?<\/p>\n<p>Hier ist ein Weg f\u00fcr Dich. Unser neues Buch zeigt Dir leicht verst\u00e4ndlich wie Einsteiger Spa\u00df an unserem Sport finden k\u00f6nnen. Daf\u00fcr haben wir f\u00fcr Dich nicht nur Hintergrundinformationen zum Wert und den M\u00f6glichkeiten von Bailongball im Unterricht zusammengetragen sondern vor allem auch 4 Module ausgearbeitet mit einer detailierten Anleitung inklusive Videos die Du Dir zur Anleitung anschauen kannst.<\/p>\n<p>&nbsp;<\/p>\n\n\t\t<\/div>\n\t\t\t\t\t<\/div>\n\n\t\n<p><\/p>\n<p>\n\n<\/div>\n\n  <div class=\"banner has-hover\" id=\"banner-1496790184\">\n          <div class=\"banner-inner fill\">\n        <div class=\"banner-bg fill\" >\n            <img loading=\"lazy\" decoding=\"async\" width=\"1020\" height=\"697\" src=\"https:\/\/bailongball.com\/wp-content\/uploads\/2025\/06\/buchcover_mai-1170x800.jpg\" class=\"bg attachment-large size-large\" alt=\"\" \/>                                    \n                    <\/div>\n\t\t\n        <div class=\"banner-layers container\">\n            <div class=\"fill banner-link\"><\/div>            \n\n   <div id=\"text-box-2119218918\" class=\"text-box banner-layer x50 md-x50 lg-x50 y0 md-y0 lg-y0 res-text\">\n                                <div class=\"text-box-content text dark\">\n              \n              <div class=\"text-inner text-center\">\n                  \n\n\t<div id=\"gap-1648748307\" class=\"gap-element clearfix\" style=\"display:block; height:auto;\">\n\t\t\n<style>\n#gap-1648748307 {\n  padding-top: 60px;\n}\n<\/style>\n\t<\/div>\n\t\n\n\n              <\/div>\n           <\/div>\n                            \n<style>\n#text-box-2119218918 {\n  width: 78%;\n}\n#text-box-2119218918 .text-box-content {\n  font-size: 100%;\n}\n@media (min-width:550px) {\n  #text-box-2119218918 {\n    width: 60%;\n  }\n}\n<\/style>\n    <\/div>\n \n\n        <\/div>\n      <\/div>\n\n            \n<style>\n#banner-1496790184 {\n  padding-top: 574px;\n}\n#banner-1496790184 .banner-bg img {\n  object-position: 52% 0%;\n}\n<\/style>\n  <\/div>\n\n\n\n  <div class=\"banner has-hover\" id=\"banner-1934209859\">\n          <div class=\"banner-inner fill\">\n        <div class=\"banner-bg fill\" >\n                                                \n                    <\/div>\n\t\t\n        <div class=\"banner-layers container\">\n            <div class=\"fill banner-link\"><\/div>            \n\n   <div id=\"text-box-1713958517\" class=\"text-box banner-layer x50 md-x50 lg-x50 y50 md-y50 lg-y50 res-text\">\n                                <div class=\"text-box-content text dark\">\n              \n              <div class=\"text-inner text-center\">\n                  \n\n\t<div id=\"gap-181685933\" class=\"gap-element clearfix\" style=\"display:block; height:auto;\">\n\t\t\n<style>\n#gap-181685933 {\n  padding-top: 60px;\n}\n<\/style>\n\t<\/div>\n\t\n\n<p>Ganzheitliche Bewegung, spielerisches Lernen und Teamgeist \u2013 Bailongball ist mehr als nur ein Sport. Als innovative Erg\u00e4nzung zum Sportunterricht f\u00f6rdert er nicht nur die k\u00f6rperliche Fitness, sondern auch die Konzentration, Koordination und soziale Interaktion der Sch\u00fcler. Durch spielerische Bewegung und flie\u00dfende Abl\u00e4ufe werden Beweglichkeit, Gleichgewicht und Achtsamkeit geschult \u2013 F\u00e4higkeiten, die weit \u00fcber den Sport hinaus in den Schulalltag und das Leben wirken.<\/p>\n<p>Dieses Buch richtet sich an Lehrkr\u00e4fte und Trainer, die Bailongball in den Unterricht oder in den Freizeitsport integrieren m\u00f6chten. Es bietet eine detaillierte Einf\u00fchrung in die Grundlagen der Sportart, erl\u00e4utert verschiedene Spieltechniken und bietet praxisnahe \u00dcbungsformen f\u00fcr verschiedene Module an. Dabei werden sowohl methodische Ans\u00e4tze als auch Bewertungskriterien f\u00fcr den Unterricht umfassend behandelt.<\/p>\n<p>Neben den k\u00f6rperlichen Vorteilen st\u00e4rkt Bailongball das soziale Miteinander, indem es Teamgeist, Verantwortungsbewusstsein und Kommunikation f\u00f6rdert. Es hilft den Sch\u00fclern, Stress abzubauen, ihre Kreativit\u00e4t zu entfalten und ein neues K\u00f6rperbewusstsein zu entwickeln. Ob in der Turnhalle, auf dem Schulhof oder in der Natur \u2013 Bailongball ist flexibel einsetzbar und bereichert den Unterricht durch Vielseitigkeit.<\/p>\n<p>&nbsp;<\/p>\n\n              <\/div>\n           <\/div>\n                            \n<style>\n#text-box-1713958517 {\n  width: 78%;\n}\n#text-box-1713958517 .text-box-content {\n  font-size: 100%;\n}\n@media (min-width:550px) {\n  #text-box-1713958517 {\n    width: 96%;\n  }\n}\n@media (min-width:850px) {\n  #text-box-1713958517 {\n    width: 91%;\n  }\n}\n<\/style>\n    <\/div>\n \n\n        <\/div>\n      <\/div>\n\n            \n<style>\n#banner-1934209859 {\n  padding-top: 574px;\n}\n<\/style>\n  <\/div>\n\n\n<p><\/p>\n\n  <div class=\"banner has-hover has-parallax\" id=\"banner-1496108205\">\n          <div class=\"banner-inner fill\">\n        <div class=\"banner-bg fill\" data-parallax=\"-8\" data-parallax-container=\".banner\" data-parallax-background>\n            <img loading=\"lazy\" decoding=\"async\" width=\"1020\" height=\"765\" src=\"https:\/\/bailongball.com\/wp-content\/uploads\/2025\/06\/IMG_6939-1067x800.jpg\" class=\"bg attachment-large size-large\" alt=\"\" \/>                                    \n                    <\/div>\n\t\t\n        <div class=\"banner-layers container\">\n            <div class=\"fill banner-link\"><\/div>            \n\n<\/p>\n<p>\n   <div id=\"text-box-1356103155\" class=\"text-box banner-layer x95 md-x95 lg-x95 y50 md-y50 lg-y50 res-text\">\n                                <div class=\"text-box-content text dark\">\n              \n              <div class=\"text-inner text-right\">\n                  \n\n<\/p>\n<p>\n\n              <\/div>\n           <\/div>\n                            \n<style>\n#text-box-1356103155 {\n  width: 60%;\n}\n#text-box-1356103155 .text-box-content {\n  font-size: 100%;\n}\n@media (min-width:550px) {\n  #text-box-1356103155 {\n    width: 61%;\n  }\n}\n<\/style>\n    <\/div>\n \n<\/p>\n<p>\n\n        <\/div>\n      <\/div>\n\n            \n<style>\n#banner-1496108205 {\n  padding-top: 500px;\n}\n#banner-1496108205 .banner-bg img {\n  object-position: 56% 0%;\n}\n<\/style>\n  <\/div>\n\n\n\t<div id=\"gap-568923208\" class=\"gap-element clearfix\" style=\"display:block; height:auto;\">\n\t\t\n<style>\n#gap-568923208 {\n  padding-top: 60px;\n}\n<\/style>\n\t<\/div>\n\t\n\n<p><\/p>\n<div class=\"row\"  id=\"row-1712407039\">\n\n<\/p>\n<p>\n\n\t<div id=\"col-1296320878\" class=\"col small-12 large-12\"  >\n\t\t\t\t<div class=\"col-inner\"  >\n\t\t\t\n\t\t\t\n\n<\/p>\n<h2>Buchvorstellung<\/h2>\n<p>Bailongball: Eine innovative Sportart f\u00fcr Schule und Freizeit<\/p>\n<p>Ein neuer Weg zur k\u00f6rperlichen Fitness, Konzentration und sozialen Interaktion: Bailongball ist mehr als nur ein Sport. Durch die Kombination von ganzheitlicher Bewegung, spielerischem Lernen und Teamgeist f\u00f6rdert Bailongball nicht nur das Wohlbefinden der Sch\u00fcler, sondern bereichert auch den Unterricht durch Vielseitigkeit.<\/p>\n<p>Inhalt des Buches:<\/p>\n<p>Dieses Buch richtet sich an Lehrkr\u00e4fte und Trainer, die Bailongball in ihren Unterricht oder in ihre Freizeitsportaktivit\u00e4ten integrieren m\u00f6chten. Es bietet eine umfassende Einf\u00fchrung in die Grundlagen der Sportart, verschiedene Spieltechniken und praxisnahe \u00dcbungsformen mit verschiedenen Modulen an.<\/p>\n<p>Fachlich fundiert:<\/p>\n<p>Die Autorinnen und Autoren haben methodische Ans\u00e4tze und Bewertungskriterien f\u00fcr den Unterricht sorgf\u00e4ltig ausgearbeitet. Neben den k\u00f6rperlichen Vorteilen st\u00e4rkt Bailongball das soziale Miteinander, indem es Teamgeist, Verantwortungsbewusstsein und Kommunikation f\u00f6rdert. Fachlich fundiert wird dies durch psychologisch untermauertes Wissen, eingebracht von Expertinnen und Experten aus der Psychologie, sowie erfahrenen Lehrkr\u00e4ften mit entsprechender fachlicher Qualifikation.<\/p>\n<p>Einsetzbar an verschiedenen Orten:<\/p>\n<p>Bailongball ist flexibel einsetzbar und kann in der Turnhalle, auf dem Schulhof oder sogar in der Natur praktiziert werden. Ob als Erg\u00e4nzung zum Sportunterricht oder als Freizeitsport &#8211; Bailongball bietet ein vielf\u00e4ltiges Angebot f\u00fcr Kinder und Jugendliche.<\/p>\n<p>Ein Muss f\u00fcr alle, die Bailongball in ihren Unterricht integrieren m\u00f6chten:<\/p>\n<p>Dieses Buch ist ein idealer Einstieg f\u00fcr Lehrkr\u00e4fte und Trainer, die Bailongball als innovative Sportart f\u00fcr ihre Sch\u00fcler einf\u00fchren m\u00f6chten. Durch die detaillierte Einf\u00fchrung in die Grundlagen der Sportart und die praxisnahen \u00dcbungsformen k\u00f6nnen sie sicherstellen, dass ihre Sch\u00fcler von den Vorteilen der Sportart profitieren.<\/p>\n<p>Online bestellen bei Amazon:<\/p>\n<p>Printversion, Spiralbindung:<\/p>\n<p><a href=\"https:\/\/www.amazon.de\/Handbuch-Bailongball-f\u00fcr-den-Unterricht\/dp\/B0F9W27R1F\/ref=sr_1_1?crid=1PI89877X5BBK&amp;dib=eyJ2IjoiMSJ9.MKMvDtBjQmBvM03fCbJvL5v9JfoPlFpU_iSJDJRaCU1IDBnI8kBTp-Bsiz96-3vwAuvF1JD3BDF248edF14CggKq0TW4WLFIA3DIhDNVaV4.kD3wu0ZM2-JpK7-yoIlFYQvyUT7brr0hDj3dXy3umUw&amp;dib_tag=se&amp;keywords=handbuch+bailongball+f\u00fcr+den+unterricht&amp;qid=1753291910&amp;sprefix=handbuch+f\u00fcr+den+unterricht%2Caps%2C101&amp;sr=8-1\">ISBN 978-3-69089-003-8&nbsp;<\/a> zum Preis von 18.50 Euro<\/p>\n<p>E-Book:<\/p>\n<p><a href=\"https:\/\/www.amazon.de\/Handbuch-Bailongball-f\u00fcr-den-Unterricht-ebook\/dp\/B0F9VRYH2H\/ref=sr_1_2?crid=1PI89877X5BBK&amp;dib=eyJ2IjoiMSJ9.MKMvDtBjQmBvM03fCbJvL5v9JfoPlFpU_iSJDJRaCU1IDBnI8kBTp-Bsiz96-3vwAuvF1JD3BDF248edF14CggKq0TW4WLFIA3DIhDNVaV4.kD3wu0ZM2-JpK7-yoIlFYQvyUT7brr0hDj3dXy3umUw&amp;dib_tag=se&amp;keywords=handbuch+bailongball+f\u00fcr+den+unterricht&amp;qid=1753291910&amp;sprefix=handbuch+f\u00fcr+den+unterricht%2Caps%2C101&amp;sr=8-2\">ISBN 978-3-69089-015-1<\/a> zum Preis von 9,99 Euro (Kindle Version)<\/p>\n<p>&nbsp;<\/p>\n\n\t\t<\/div>\n\t\t\t\t\t<\/div>\n\n\t\n<p><\/p>\n<p>\n\n<\/div>","protected":false},"excerpt":{"rendered":"","protected":false},"author":8,"featured_media":280808,"parent":9,"menu_order":0,"comment_status":"closed","ping_status":"closed","template":"page-blank.php","meta":{"footnotes":""},"class_list":["post-280812","page","type-page","status-publish","has-post-thumbnail","hentry"],"yoast_head":"<!-- This site is optimized with the Yoast SEO plugin v27.5 - https:\/\/yoast.com\/product\/yoast-seo-wordpress\/ -->\n<title>Publikationen - Bailong Ball<\/title>\n<meta name=\"description\" content=\"Das umfassende Handbuch f\u00fcr Lehrkr\u00e4fte: BailongBall methodisch planen, unterrichten und sozial wirksam einsetzen \u2013 fundiert, praktisch, anschaulich.\" \/>\n<meta name=\"robots\" content=\"index, follow, max-snippet:-1, max-image-preview:large, max-video-preview:-1\" \/>\n<link rel=\"canonical\" href=\"https:\/\/bailongball.com\/en\/verein\/publikationen\/\" \/>\n<meta property=\"og:locale\" content=\"en_GB\" \/>\n<meta property=\"og:type\" content=\"article\" \/>\n<meta property=\"og:title\" content=\"Publikationen - Bailong Ball\" \/>\n<meta property=\"og:description\" content=\"Das umfassende Handbuch f\u00fcr Lehrkr\u00e4fte: BailongBall methodisch planen, unterrichten und sozial wirksam einsetzen \u2013 fundiert, praktisch, anschaulich.\" \/>\n<meta property=\"og:url\" content=\"https:\/\/bailongball.com\/en\/verein\/publikationen\/\" \/>\n<meta property=\"og:site_name\" content=\"Bailong Ball\" \/>\n<meta property=\"article:modified_time\" content=\"2025-07-23T17:39:45+00:00\" \/>\n<meta property=\"og:image\" content=\"https:\/\/bailongball.com\/wp-content\/uploads\/2025\/06\/buchcover_mai.jpg\" \/>\n\t<meta property=\"og:image:width\" content=\"1600\" \/>\n\t<meta property=\"og:image:height\" content=\"1094\" \/>\n\t<meta property=\"og:image:type\" content=\"image\/jpeg\" \/>\n<meta name=\"twitter:card\" content=\"summary_large_image\" \/>\n<meta name=\"twitter:label1\" content=\"Estimated reading time\" \/>\n\t<meta name=\"twitter:data1\" content=\"4 minutes\" \/>\n<script type=\"application\/ld+json\" class=\"yoast-schema-graph\">{\"@context\":\"https:\\\/\\\/schema.org\",\"@graph\":[{\"@type\":\"WebPage\",\"@id\":\"https:\\\/\\\/bailongball.com\\\/verein\\\/publikationen\\\/\",\"url\":\"https:\\\/\\\/bailongball.com\\\/verein\\\/publikationen\\\/\",\"name\":\"Publikationen - Bailong Ball\",\"isPartOf\":{\"@id\":\"https:\\\/\\\/bailongball.com\\\/#website\"},\"primaryImageOfPage\":{\"@id\":\"https:\\\/\\\/bailongball.com\\\/verein\\\/publikationen\\\/#primaryimage\"},\"image\":{\"@id\":\"https:\\\/\\\/bailongball.com\\\/verein\\\/publikationen\\\/#primaryimage\"},\"thumbnailUrl\":\"https:\\\/\\\/bailongball.com\\\/wp-content\\\/uploads\\\/2025\\\/06\\\/buchcover_mai.jpg\",\"datePublished\":\"2025-06-10T16:05:42+00:00\",\"dateModified\":\"2025-07-23T17:39:45+00:00\",\"description\":\"Das umfassende Handbuch f\u00fcr Lehrkr\u00e4fte: BailongBall methodisch planen, unterrichten und sozial wirksam einsetzen \u2013 fundiert, praktisch, anschaulich.\",\"breadcrumb\":{\"@id\":\"https:\\\/\\\/bailongball.com\\\/verein\\\/publikationen\\\/#breadcrumb\"},\"inLanguage\":\"en-GB\",\"potentialAction\":[{\"@type\":\"ReadAction\",\"target\":[\"https:\\\/\\\/bailongball.com\\\/verein\\\/publikationen\\\/\"]}]},{\"@type\":\"ImageObject\",\"inLanguage\":\"en-GB\",\"@id\":\"https:\\\/\\\/bailongball.com\\\/verein\\\/publikationen\\\/#primaryimage\",\"url\":\"https:\\\/\\\/bailongball.com\\\/wp-content\\\/uploads\\\/2025\\\/06\\\/buchcover_mai.jpg\",\"contentUrl\":\"https:\\\/\\\/bailongball.com\\\/wp-content\\\/uploads\\\/2025\\\/06\\\/buchcover_mai.jpg\",\"width\":1600,\"height\":1094},{\"@type\":\"BreadcrumbList\",\"@id\":\"https:\\\/\\\/bailongball.com\\\/verein\\\/publikationen\\\/#breadcrumb\",\"itemListElement\":[{\"@type\":\"ListItem\",\"position\":1,\"name\":\"Startseite\",\"item\":\"https:\\\/\\\/bailongball.com\\\/\"},{\"@type\":\"ListItem\",\"position\":2,\"name\":\"Verein\",\"item\":\"https:\\\/\\\/bailongball.com\\\/verein\\\/\"},{\"@type\":\"ListItem\",\"position\":3,\"name\":\"Publikationen\"}]},{\"@type\":\"WebSite\",\"@id\":\"https:\\\/\\\/bailongball.com\\\/#website\",\"url\":\"https:\\\/\\\/bailongball.com\\\/\",\"name\":\"Bailong Ball\",\"description\":\"\",\"potentialAction\":[{\"@type\":\"SearchAction\",\"target\":{\"@type\":\"EntryPoint\",\"urlTemplate\":\"https:\\\/\\\/bailongball.com\\\/?s={search_term_string}\"},\"query-input\":{\"@type\":\"PropertyValueSpecification\",\"valueRequired\":true,\"valueName\":\"search_term_string\"}}],\"inLanguage\":\"en-GB\"}]}<\/script>\n<!-- \/ Yoast SEO plugin. -->","yoast_head_json":{"title":"Publikationen - Bailong Ball","description":"Das umfassende Handbuch f\u00fcr Lehrkr\u00e4fte: BailongBall methodisch planen, unterrichten und sozial wirksam einsetzen \u2013 fundiert, praktisch, anschaulich.","robots":{"index":"index","follow":"follow","max-snippet":"max-snippet:-1","max-image-preview":"max-image-preview:large","max-video-preview":"max-video-preview:-1"},"canonical":"https:\/\/bailongball.com\/en\/verein\/publikationen\/","og_locale":"en_GB","og_type":"article","og_title":"Publikationen - Bailong Ball","og_description":"Das umfassende Handbuch f\u00fcr Lehrkr\u00e4fte: BailongBall methodisch planen, unterrichten und sozial wirksam einsetzen \u2013 fundiert, praktisch, anschaulich.","og_url":"https:\/\/bailongball.com\/en\/verein\/publikationen\/","og_site_name":"Bailong Ball","article_modified_time":"2025-07-23T17:39:45+00:00","og_image":[{"width":1600,"height":1094,"url":"https:\/\/bailongball.com\/wp-content\/uploads\/2025\/06\/buchcover_mai.jpg","type":"image\/jpeg"}],"twitter_card":"summary_large_image","twitter_misc":{"Estimated reading time":"4 minutes"},"schema":{"@context":"https:\/\/schema.org","@graph":[{"@type":"WebPage","@id":"https:\/\/bailongball.com\/verein\/publikationen\/","url":"https:\/\/bailongball.com\/verein\/publikationen\/","name":"Publikationen - Bailong Ball","isPartOf":{"@id":"https:\/\/bailongball.com\/#website"},"primaryImageOfPage":{"@id":"https:\/\/bailongball.com\/verein\/publikationen\/#primaryimage"},"image":{"@id":"https:\/\/bailongball.com\/verein\/publikationen\/#primaryimage"},"thumbnailUrl":"https:\/\/bailongball.com\/wp-content\/uploads\/2025\/06\/buchcover_mai.jpg","datePublished":"2025-06-10T16:05:42+00:00","dateModified":"2025-07-23T17:39:45+00:00","description":"Das umfassende Handbuch f\u00fcr Lehrkr\u00e4fte: BailongBall methodisch planen, unterrichten und sozial wirksam einsetzen \u2013 fundiert, praktisch, anschaulich.","breadcrumb":{"@id":"https:\/\/bailongball.com\/verein\/publikationen\/#breadcrumb"},"inLanguage":"en-GB","potentialAction":[{"@type":"ReadAction","target":["https:\/\/bailongball.com\/verein\/publikationen\/"]}]},{"@type":"ImageObject","inLanguage":"en-GB","@id":"https:\/\/bailongball.com\/verein\/publikationen\/#primaryimage","url":"https:\/\/bailongball.com\/wp-content\/uploads\/2025\/06\/buchcover_mai.jpg","contentUrl":"https:\/\/bailongball.com\/wp-content\/uploads\/2025\/06\/buchcover_mai.jpg","width":1600,"height":1094},{"@type":"BreadcrumbList","@id":"https:\/\/bailongball.com\/verein\/publikationen\/#breadcrumb","itemListElement":[{"@type":"ListItem","position":1,"name":"Startseite","item":"https:\/\/bailongball.com\/"},{"@type":"ListItem","position":2,"name":"Verein","item":"https:\/\/bailongball.com\/verein\/"},{"@type":"ListItem","position":3,"name":"Publikationen"}]},{"@type":"WebSite","@id":"https:\/\/bailongball.com\/#website","url":"https:\/\/bailongball.com\/","name":"Bailong Ball","description":"","potentialAction":[{"@type":"SearchAction","target":{"@type":"EntryPoint","urlTemplate":"https:\/\/bailongball.com\/?s={search_term_string}"},"query-input":{"@type":"PropertyValueSpecification","valueRequired":true,"valueName":"search_term_string"}}],"inLanguage":"en-GB"}]}},"_links":{"self":[{"href":"https:\/\/bailongball.com\/en\/wp-json\/wp\/v2\/pages\/280812","targetHints":{"allow":["GET"]}}],"collection":[{"href":"https:\/\/bailongball.com\/en\/wp-json\/wp\/v2\/pages"}],"about":[{"href":"https:\/\/bailongball.com\/en\/wp-json\/wp\/v2\/types\/page"}],"author":[{"embeddable":true,"href":"https:\/\/bailongball.com\/en\/wp-json\/wp\/v2\/users\/8"}],"replies":[{"embeddable":true,"href":"https:\/\/bailongball.com\/en\/wp-json\/wp\/v2\/comments?post=280812"}],"version-history":[{"count":43,"href":"https:\/\/bailongball.com\/en\/wp-json\/wp\/v2\/pages\/280812\/revisions"}],"predecessor-version":[{"id":280925,"href":"https:\/\/bailongball.com\/en\/wp-json\/wp\/v2\/pages\/280812\/revisions\/280925"}],"up":[{"embeddable":true,"href":"https:\/\/bailongball.com\/en\/wp-json\/wp\/v2\/pages\/9"}],"wp:featuredmedia":[{"embeddable":true,"href":"https:\/\/bailongball.com\/en\/wp-json\/wp\/v2\/media\/280808"}],"wp:attachment":[{"href":"https:\/\/bailongball.com\/en\/wp-json\/wp\/v2\/media?parent=280812"}],"curies":[{"name":"wp","href":"https:\/\/api.w.org\/{rel}","templated":true}]}}