{"id":5,"date":"2017-11-28T18:01:57","date_gmt":"2017-11-28T17:01:57","guid":{"rendered":"http:\/\/roliball.eu\/?page_id=5"},"modified":"2025-02-19T20:04:26","modified_gmt":"2025-02-19T19:04:26","slug":"home","status":"publish","type":"page","link":"https:\/\/bailongball.com\/en\/","title":{"rendered":"Bailongball"},"content":{"rendered":"\n\n\n\n\n  <div class=\"banner has-hover has-video\" id=\"banner-2140738524\">\n          <div class=\"banner-inner fill\">\n        <div class=\"banner-bg fill\" >\n                        \t<div class=\"video-overlay no-click fill visible\"><\/div>\n\t<video class=\"video-bg fill visible\" preload playsinline autoplay muted loop>\n\t\t<source src=\"https:\/\/bailongball.com\/wp-content\/uploads\/2020\/02\/Teaser-20200208.mp4\" type=\"video\/mp4\">\t<\/video>\n            <div class=\"overlay\"><\/div>            \n                    <\/div>\n\t\t\n        <div class=\"banner-layers container\">\n            <div class=\"fill banner-link\"><\/div>            \n\n   <div id=\"text-box-950034805\" class=\"text-box banner-layer x50 md-x50 lg-x50 y50 md-y50 lg-y50 res-text\">\n                                <div class=\"text-box-content text dark\">\n              \n              <div class=\"text-inner text-center\">\n                  \n\n<h1 class=\"uppercase\"><strong>Bailongball<\/strong><\/h1>\n<p class=\"lead\">Schwing to your inner center.<\/p>\n\n              <\/div>\n           <\/div>\n                            \n<style>\n#text-box-950034805 {\n  width: 60%;\n}\n#text-box-950034805 .text-box-content {\n  font-size: 100%;\n}\n<\/style>\n    <\/div>\n \n\n        <\/div>\n      <\/div>\n\n            \n<style>\n#banner-2140738524 {\n  padding-top: 500px;\n}\n#banner-2140738524 .overlay {\n  background-color: rgba(0, 0, 0, 0.16);\n}\n<\/style>\n  <\/div>\n\n\n\t<div id=\"gap-1768988519\" class=\"gap-element clearfix\" style=\"display:block; height:auto;\">\n\t\t\n<style>\n#gap-1768988519 {\n  padding-top: 60px;\n}\n<\/style>\n\t<\/div>\n\t\n\n<div class=\"row\"  id=\"row-1115323316\">\n\n\n\t<div id=\"col-1608315711\" class=\"col medium-4 small-12 large-4\"  >\n\t\t\t\t<div class=\"col-inner\"  >\n\t\t\t\n\t\t\t\n\n\n  <div class=\"banner has-hover\" id=\"banner-709088405\">\n          <div class=\"banner-inner fill\">\n        <div class=\"banner-bg fill\" >\n            <img loading=\"lazy\" decoding=\"async\" width=\"1020\" height=\"680\" src=\"https:\/\/bailongball.com\/wp-content\/uploads\/2018\/01\/Header-4-1200x800.jpg\" class=\"bg attachment-large size-large\" alt=\"\" \/>                        <div class=\"overlay\"><\/div>            \n                    <\/div>\n\t\t\n        <div class=\"banner-layers container\">\n            <div class=\"fill banner-link\"><\/div>            \n\n   <div id=\"text-box-1878796208\" class=\"text-box banner-layer x50 md-x50 lg-x50 y90 md-y90 lg-y90 res-text\">\n                                <div class=\"text-box-content text dark\">\n              \n              <div class=\"text-inner text-center\">\n                  \n\n<h4 class=\"uppercase\" data-line-height=\"l\">Bailongball<\/h4>\n<h2 class=\"uppercase\" data-line-height=\"l\"><strong>A Sport THAT INSPIRES<\/strong><\/h2>\n<a href=\"\/bailong-ball\/der-sport\/\" class=\"button primary is-xlarge\" >\n\t<i class=\"icon-angle-down\" aria-hidden=\"true\"><\/i>\t<span>More<\/span>\n\t<\/a>\n\n\n\n              <\/div>\n           <\/div>\n                            \n<style>\n#text-box-1878796208 {\n  width: 80%;\n}\n#text-box-1878796208 .text-box-content {\n  font-size: 100%;\n}\n<\/style>\n    <\/div>\n \n\n        <\/div>\n      <\/div>\n\n            \n<style>\n#banner-709088405 {\n  padding-top: 99.99%;\n}\n#banner-709088405 .overlay {\n  background-color: rgba(0, 0, 0, 0.05);\n}\n#banner-709088405 .banner-bg img {\n  object-position: 86% 20%;\n}\n<\/style>\n  <\/div>\n\n\n\n\t\t<\/div>\n\t\t\t\t\t<\/div>\n\n\t\n\n\t<div id=\"col-1223497670\" class=\"col medium-4 small-12 large-4\"  >\n\t\t\t\t<div class=\"col-inner\"  >\n\t\t\t\n\t\t\t\n\n\n  <div class=\"banner has-hover\" id=\"banner-897974949\">\n          <div class=\"banner-inner fill\">\n        <div class=\"banner-bg fill\" >\n            <img loading=\"lazy\" decoding=\"async\" width=\"1020\" height=\"680\" src=\"https:\/\/bailongball.com\/wp-content\/uploads\/2018\/01\/Kontaktiere-uns-1200x800.jpg\" class=\"bg attachment-large size-large\" alt=\"\" \/>                        <div class=\"overlay\"><\/div>            \n                    <\/div>\n\t\t\n        <div class=\"banner-layers container\">\n            <div class=\"fill banner-link\"><\/div>            \n\n   <div id=\"text-box-848294330\" class=\"text-box banner-layer x50 md-x50 lg-x50 y90 md-y90 lg-y90 res-text\">\n                                <div class=\"text-box-content text dark\">\n              \n              <div class=\"text-inner text-center\">\n                  \n\n<h4 class=\"uppercase\" data-line-height=\"l\">Training<\/h4>\n<h2 class=\"uppercase\" data-line-height=\"l\"><strong>PARTICIPATE IN A TRAINING NOW<\/strong><\/h2>\n<p>&nbsp;<\/p>\n<a href=\"\/training\/\" class=\"button primary is-xlarge\" >\n\t<i class=\"icon-angle-down\" aria-hidden=\"true\"><\/i>\t<span>Trainers close to you<\/span>\n\t<\/a>\n\n\n\n              <\/div>\n           <\/div>\n                            \n<style>\n#text-box-848294330 {\n  width: 80%;\n}\n#text-box-848294330 .text-box-content {\n  font-size: 100%;\n}\n<\/style>\n    <\/div>\n \n\n        <\/div>\n      <\/div>\n\n            \n<style>\n#banner-897974949 {\n  padding-top: 99.99%;\n}\n#banner-897974949 .overlay {\n  background-color: rgba(0, 0, 0, 0.05);\n}\n#banner-897974949 .banner-bg img {\n  object-position: 72% 49%;\n}\n<\/style>\n  <\/div>\n\n\n\n\t\t<\/div>\n\t\t\t\t\t<\/div>\n\n\t\n\n\t<div id=\"col-1281376620\" class=\"col medium-4 small-12 large-4\"  >\n\t\t\t\t<div class=\"col-inner\"  >\n\t\t\t\n\t\t\t\n\n\n  <div class=\"banner has-hover\" id=\"banner-1638109000\">\n          <div class=\"banner-inner fill\">\n        <div class=\"banner-bg fill\" >\n            <img loading=\"lazy\" decoding=\"async\" width=\"1020\" height=\"680\" src=\"https:\/\/bailongball.com\/wp-content\/uploads\/2018\/01\/IMG_2774-1200x800.jpg\" class=\"bg attachment-large size-large\" alt=\"\" \/>                        <div class=\"overlay\"><\/div>            \n                    <\/div>\n\t\t\n        <div class=\"banner-layers container\">\n            <div class=\"fill banner-link\"><\/div>            \n\n   <div id=\"text-box-1164708513\" class=\"text-box banner-layer x50 md-x50 lg-x50 y90 md-y90 lg-y90 res-text\">\n                                <div class=\"text-box-content text dark\">\n              \n              <div class=\"text-inner text-center\">\n                  \n\n<h4 class=\"uppercase\" data-line-height=\"l\">association<\/h4>\n<h2 class=\"uppercase\" data-line-height=\"l\"><strong>More than a club<br \/>\n<\/strong><\/h2>\n<a href=\"\/verein\/\" class=\"button primary is-xlarge\" >\n\t<i class=\"icon-angle-down\" aria-hidden=\"true\"><\/i>\t<span>More<\/span>\n\t<\/a>\n\n\n\n              <\/div>\n           <\/div>\n                            \n<style>\n#text-box-1164708513 {\n  width: 80%;\n}\n#text-box-1164708513 .text-box-content {\n  font-size: 100%;\n}\n<\/style>\n    <\/div>\n \n\n        <\/div>\n      <\/div>\n\n            \n<style>\n#banner-1638109000 {\n  padding-top: 99.99%;\n}\n#banner-1638109000 .overlay {\n  background-color: rgba(0, 0, 0, 0.1);\n}\n#banner-1638109000 .banner-bg img {\n  object-position: 33% 45%;\n}\n<\/style>\n  <\/div>\n\n\n\n\t\t<\/div>\n\t\t\t\t\t<\/div>\n\n\t\n\n<\/div>\n\t<div id=\"gap-612262549\" class=\"gap-element clearfix\" style=\"display:block; height:auto;\">\n\t\t\n<style>\n#gap-612262549 {\n  padding-top: 60px;\n}\n<\/style>\n\t<\/div>\n\t\n\n\n  <div class=\"banner has-hover\" id=\"banner-2037501124\">\n          <div class=\"banner-inner fill\">\n        <div class=\"banner-bg fill\" >\n            <img loading=\"lazy\" decoding=\"async\" width=\"1020\" height=\"680\" src=\"https:\/\/bailongball.com\/wp-content\/uploads\/2018\/01\/Aktuelles-1200x800.jpg\" class=\"bg attachment-large size-large\" alt=\"\" \/>                        <div class=\"overlay\"><\/div>            \n                    <\/div>\n\t\t\n        <div class=\"banner-layers container\">\n            <div class=\"fill banner-link\"><\/div>            \n\n   <div id=\"text-box-1118758149\" class=\"text-box banner-layer x95 md-x95 lg-x95 y50 md-y50 lg-y50 res-text\">\n                                <div class=\"text-box-content text dark\">\n              \n              <div class=\"text-inner text-right\">\n                  \n\n<h2 class=\"uppercase\"><strong>updates<br \/>\n<\/strong><\/h2>\n<p class=\"lead\">The Association organizes events and engages in health, sport and interpersonal matters.<\/p>\n<a href=\"\/aktuelles\/\" class=\"button primary\" >\n\t<i class=\"icon-angle-down\" aria-hidden=\"true\"><\/i>\t<span>Find out more!<\/span>\n\t<\/a>\n\n\n\n              <\/div>\n           <\/div>\n                            \n<style>\n#text-box-1118758149 {\n  width: 60%;\n}\n#text-box-1118758149 .text-box-content {\n  font-size: 100%;\n}\n@media (min-width:550px) {\n  #text-box-1118758149 {\n    width: 57%;\n  }\n}\n<\/style>\n    <\/div>\n \n\n        <\/div>\n      <\/div>\n\n            \n<style>\n#banner-2037501124 {\n  padding-top: 500px;\n}\n#banner-2037501124 .overlay {\n  background-color: rgba(0, 0, 0, 0.07);\n}\n#banner-2037501124 .banner-bg img {\n  object-position: 82% 100%;\n}\n<\/style>\n  <\/div>\n\n\n\t<div id=\"gap-226895705\" class=\"gap-element clearfix\" style=\"display:block; height:auto;\">\n\t\t\n<style>\n#gap-226895705 {\n  padding-top: 60px;\n}\n<\/style>\n\t<\/div>\n\t\n\n<div class=\"row\"  id=\"row-256591589\">\n\n\n\t<div id=\"col-311775686\" class=\"col small-12 large-12\"  >\n\t\t\t\t<div class=\"col-inner\"  >\n\t\t\t\n\t\t\t\n\n\n  \n    <div class=\"row large-columns-4 medium-columns-3 small-columns-1\" >\n  <div class=\"col post-item\" >\n\t\t\t<div class=\"col-inner\">\n\t\t\t\t<div class=\"box box-normal box-text-bottom box-blog-post has-hover\">\n            \t\t\t\t\t<div class=\"box-image\" >\n  \t\t\t\t\t\t<div class=\"image-cover\" style=\"padding-top:75%;\">\n\t\t\t\t\t\t\t<a href=\"https:\/\/bailongball.com\/en\/tbbf-online-event-bailongball-art-2\/\" class=\"plain\" aria-label=\"TBBF Online Event &#8211; BailongBall Art, Olga Live #2\">\n\t\t\t\t\t\t\t\t<img loading=\"lazy\" decoding=\"async\" width=\"468\" height=\"400\" src=\"https:\/\/bailongball.com\/wp-content\/uploads\/2026\/04\/Titelbild-468x400.png\" class=\"attachment-medium size-medium wp-post-image\" alt=\"\" srcset=\"https:\/\/bailongball.com\/wp-content\/uploads\/2026\/04\/Titelbild-468x400.png 468w, https:\/\/bailongball.com\/wp-content\/uploads\/2026\/04\/Titelbild-935x800.png 935w, https:\/\/bailongball.com\/wp-content\/uploads\/2026\/04\/Titelbild-768x657.png 768w, https:\/\/bailongball.com\/wp-content\/uploads\/2026\/04\/Titelbild-1536x1314.png 1536w, https:\/\/bailongball.com\/wp-content\/uploads\/2026\/04\/Titelbild-2048x1751.png 2048w, https:\/\/bailongball.com\/wp-content\/uploads\/2026\/04\/Titelbild-14x12.png 14w\" sizes=\"auto, (max-width: 468px) 100vw, 468px\" \/>\t\t\t\t\t\t\t<\/a>\n  \t\t\t\t\t\t\t  \t\t\t\t\t\t\t  \t\t\t\t\t\t<\/div>\n  \t\t\t\t\t\t  \t\t\t\t\t<\/div>\n          \t\t\t\t\t<div class=\"box-text text-center\" >\n\t\t\t\t\t<div class=\"box-text-inner blog-post-inner\">\n\n\t\t\t\t\t\n\t\t\t\t\t\t\t\t\t\t<h5 class=\"post-title is-large \">\n\t\t\t\t\t\t<a href=\"https:\/\/bailongball.com\/en\/tbbf-online-event-bailongball-art-2\/\" class=\"plain\">TBBF Online Event &#8211; BailongBall Art, Olga Live #2<\/a>\n\t\t\t\t\t<\/h5>\n\t\t\t\t\t\t\t\t\t\t<div class=\"is-divider\"><\/div>\n\t\t\t\t\t\t\t\t\t\t<p class=\"from_the_blog_excerpt \">\n\t\t\t\t\t\tDer TBBF wird dieses Jahr an eine Tradition anschlie\u00dfen, die uns w\u00e4hrend der Covid-Zeit vereint [...]\t\t\t\t\t<\/p>\n\t\t\t\t\t                    \n\t\t\t\t\t\n\t\t\t\t\t\n\t\t\t\t\t<\/div>\n\t\t\t\t\t<\/div>\n\t\t\t\t\t\t\t\t\t\t\t\t\t\t\t\t<div class=\"badge absolute top post-date badge-square\">\n\t\t\t\t\t\t\t<div class=\"badge-inner\">\n\t\t\t\t\t\t\t\t<span class=\"post-date-day\">14<\/span><br>\n\t\t\t\t\t\t\t\t<span class=\"post-date-month is-xsmall\">Apr<\/span>\n\t\t\t\t\t\t\t<\/div>\n\t\t\t\t\t\t<\/div>\n\t\t\t\t\t\t\t\t\t<\/div>\n\t\t\t<\/div>\n\t\t<\/div><div class=\"col post-item\" >\n\t\t\t<div class=\"col-inner\">\n\t\t\t\t<div class=\"box box-normal box-text-bottom box-blog-post has-hover\">\n            \t\t\t\t\t<div class=\"box-image\" >\n  \t\t\t\t\t\t<div class=\"image-cover\" style=\"padding-top:75%;\">\n\t\t\t\t\t\t\t<a href=\"https:\/\/bailongball.com\/en\/wie-bailongball-koerper-und-geist-in-balance-bringt-teil-3-praktische-umsetzung\/\" class=\"plain\" aria-label=\"Wie BailongBall K\u00f6rper und Geist in Balance bringt &#8211; Teil 3: Praktische Umsetzung\">\n\t\t\t\t\t\t\t\t<img loading=\"lazy\" decoding=\"async\" width=\"598\" height=\"400\" src=\"https:\/\/bailongball.com\/wp-content\/uploads\/2026\/03\/Titelbild-598x400.png\" class=\"attachment-medium size-medium wp-post-image\" alt=\"\" srcset=\"https:\/\/bailongball.com\/wp-content\/uploads\/2026\/03\/Titelbild-598x400.png 598w, https:\/\/bailongball.com\/wp-content\/uploads\/2026\/03\/Titelbild-1196x800.png 1196w, https:\/\/bailongball.com\/wp-content\/uploads\/2026\/03\/Titelbild-768x514.png 768w, https:\/\/bailongball.com\/wp-content\/uploads\/2026\/03\/Titelbild-1536x1028.png 1536w, https:\/\/bailongball.com\/wp-content\/uploads\/2026\/03\/Titelbild-2048x1370.png 2048w, https:\/\/bailongball.com\/wp-content\/uploads\/2026\/03\/Titelbild-18x12.png 18w\" sizes=\"auto, (max-width: 598px) 100vw, 598px\" \/>\t\t\t\t\t\t\t<\/a>\n  \t\t\t\t\t\t\t  \t\t\t\t\t\t\t  \t\t\t\t\t\t<\/div>\n  \t\t\t\t\t\t  \t\t\t\t\t<\/div>\n          \t\t\t\t\t<div class=\"box-text text-center\" >\n\t\t\t\t\t<div class=\"box-text-inner blog-post-inner\">\n\n\t\t\t\t\t\n\t\t\t\t\t\t\t\t\t\t<h5 class=\"post-title is-large \">\n\t\t\t\t\t\t<a href=\"https:\/\/bailongball.com\/en\/wie-bailongball-koerper-und-geist-in-balance-bringt-teil-3-praktische-umsetzung\/\" class=\"plain\">Wie BailongBall K\u00f6rper und Geist in Balance bringt &#8211; Teil 3: Praktische Umsetzung<\/a>\n\t\t\t\t\t<\/h5>\n\t\t\t\t\t\t\t\t\t\t<div class=\"is-divider\"><\/div>\n\t\t\t\t\t\t\t\t\t\t<p class=\"from_the_blog_excerpt \">\n\t\t\t\t\t\tDer Vortrag von Fritjof Nelting anl\u00e4sslich des 20-j\u00e4hrigen Jubil\u00e4ums der TBBF im\u202fOktober\u202f2025 liefert ein \u00fcberraschend [...]\t\t\t\t\t<\/p>\n\t\t\t\t\t                                            <p class=\"from_the_blog_comments uppercase is-xsmall\">\n                            4 Comments                        <\/p>\n                    \n\t\t\t\t\t\n\t\t\t\t\t\n\t\t\t\t\t<\/div>\n\t\t\t\t\t<\/div>\n\t\t\t\t\t\t\t\t\t\t\t\t\t\t\t\t<div class=\"badge absolute top post-date badge-square\">\n\t\t\t\t\t\t\t<div class=\"badge-inner\">\n\t\t\t\t\t\t\t\t<span class=\"post-date-day\">30<\/span><br>\n\t\t\t\t\t\t\t\t<span class=\"post-date-month is-xsmall\">Mar<\/span>\n\t\t\t\t\t\t\t<\/div>\n\t\t\t\t\t\t<\/div>\n\t\t\t\t\t\t\t\t\t<\/div>\n\t\t\t<\/div>\n\t\t<\/div><div class=\"col post-item\" >\n\t\t\t<div class=\"col-inner\">\n\t\t\t\t<div class=\"box box-normal box-text-bottom box-blog-post has-hover\">\n            \t\t\t\t\t<div class=\"box-image\" >\n  \t\t\t\t\t\t<div class=\"image-cover\" style=\"padding-top:75%;\">\n\t\t\t\t\t\t\t<a href=\"https:\/\/bailongball.com\/en\/blick-in-den-rueckspiegel-und-nach-vorne-tbbf-online-training-bailongball-art\/\" class=\"plain\" aria-label=\"Blick in den R\u00fcckspiegel und nach vorne &#8211; TBBF Online Training: BailongBall Art\">\n\t\t\t\t\t\t\t\t<img loading=\"lazy\" decoding=\"async\" width=\"400\" height=\"400\" src=\"https:\/\/bailongball.com\/wp-content\/uploads\/2026\/03\/z-image_00040_-400x400.png\" class=\"attachment-medium size-medium wp-post-image\" alt=\"\" srcset=\"https:\/\/bailongball.com\/wp-content\/uploads\/2026\/03\/z-image_00040_-400x400.png 400w, https:\/\/bailongball.com\/wp-content\/uploads\/2026\/03\/z-image_00040_-800x800.png 800w, https:\/\/bailongball.com\/wp-content\/uploads\/2026\/03\/z-image_00040_-280x280.png 280w, https:\/\/bailongball.com\/wp-content\/uploads\/2026\/03\/z-image_00040_-768x768.png 768w, https:\/\/bailongball.com\/wp-content\/uploads\/2026\/03\/z-image_00040_-12x12.png 12w, https:\/\/bailongball.com\/wp-content\/uploads\/2026\/03\/z-image_00040_.png 1024w\" sizes=\"auto, (max-width: 400px) 100vw, 400px\" \/>\t\t\t\t\t\t\t<\/a>\n  \t\t\t\t\t\t\t  \t\t\t\t\t\t\t  \t\t\t\t\t\t<\/div>\n  \t\t\t\t\t\t  \t\t\t\t\t<\/div>\n          \t\t\t\t\t<div class=\"box-text text-center\" >\n\t\t\t\t\t<div class=\"box-text-inner blog-post-inner\">\n\n\t\t\t\t\t\n\t\t\t\t\t\t\t\t\t\t<h5 class=\"post-title is-large \">\n\t\t\t\t\t\t<a href=\"https:\/\/bailongball.com\/en\/blick-in-den-rueckspiegel-und-nach-vorne-tbbf-online-training-bailongball-art\/\" class=\"plain\">Blick in den R\u00fcckspiegel und nach vorne &#8211; TBBF Online Training: BailongBall Art<\/a>\n\t\t\t\t\t<\/h5>\n\t\t\t\t\t\t\t\t\t\t<div class=\"is-divider\"><\/div>\n\t\t\t\t\t\t\t\t\t\t<p class=\"from_the_blog_excerpt \">\n\t\t\t\t\t\tAm 18.2.2026 fand unsere erste diesj\u00e4hrige Live\u2011Online\u2011Webkonferenz zur BailongBall\u202fDisziplin Art mit Olga Ardasheva statt. Wir [...]\t\t\t\t\t<\/p>\n\t\t\t\t\t                    \n\t\t\t\t\t\n\t\t\t\t\t\n\t\t\t\t\t<\/div>\n\t\t\t\t\t<\/div>\n\t\t\t\t\t\t\t\t\t\t\t\t\t\t\t\t<div class=\"badge absolute top post-date badge-square\">\n\t\t\t\t\t\t\t<div class=\"badge-inner\">\n\t\t\t\t\t\t\t\t<span class=\"post-date-day\">18<\/span><br>\n\t\t\t\t\t\t\t\t<span class=\"post-date-month is-xsmall\">Mar<\/span>\n\t\t\t\t\t\t\t<\/div>\n\t\t\t\t\t\t<\/div>\n\t\t\t\t\t\t\t\t\t<\/div>\n\t\t\t<\/div>\n\t\t<\/div><div class=\"col post-item\" >\n\t\t\t<div class=\"col-inner\">\n\t\t\t\t<div class=\"box box-normal box-text-bottom box-blog-post has-hover\">\n            \t\t\t\t\t<div class=\"box-image\" >\n  \t\t\t\t\t\t<div class=\"image-cover\" style=\"padding-top:75%;\">\n\t\t\t\t\t\t\t<a href=\"https:\/\/bailongball.com\/en\/wie-bailongball-koerper-und-geist-in-balance-bringt-teil-2-stress-entgegenwirken\/\" class=\"plain\" aria-label=\"Wie BailongBall K\u00f6rper und Geist in Balance bringt &#8211; Teil 2: Stress entgegenwirken\">\n\t\t\t\t\t\t\t\t<img loading=\"lazy\" decoding=\"async\" width=\"598\" height=\"400\" src=\"https:\/\/bailongball.com\/wp-content\/uploads\/2026\/02\/Titelbild-598x400.png\" class=\"attachment-medium size-medium wp-post-image\" alt=\"\" srcset=\"https:\/\/bailongball.com\/wp-content\/uploads\/2026\/02\/Titelbild-598x400.png 598w, https:\/\/bailongball.com\/wp-content\/uploads\/2026\/02\/Titelbild-1196x800.png 1196w, https:\/\/bailongball.com\/wp-content\/uploads\/2026\/02\/Titelbild-768x514.png 768w, https:\/\/bailongball.com\/wp-content\/uploads\/2026\/02\/Titelbild-1536x1028.png 1536w, https:\/\/bailongball.com\/wp-content\/uploads\/2026\/02\/Titelbild-2048x1370.png 2048w, https:\/\/bailongball.com\/wp-content\/uploads\/2026\/02\/Titelbild-18x12.png 18w\" sizes=\"auto, (max-width: 598px) 100vw, 598px\" \/>\t\t\t\t\t\t\t<\/a>\n  \t\t\t\t\t\t\t  \t\t\t\t\t\t\t  \t\t\t\t\t\t<\/div>\n  \t\t\t\t\t\t  \t\t\t\t\t<\/div>\n          \t\t\t\t\t<div class=\"box-text text-center\" >\n\t\t\t\t\t<div class=\"box-text-inner blog-post-inner\">\n\n\t\t\t\t\t\n\t\t\t\t\t\t\t\t\t\t<h5 class=\"post-title is-large \">\n\t\t\t\t\t\t<a href=\"https:\/\/bailongball.com\/en\/wie-bailongball-koerper-und-geist-in-balance-bringt-teil-2-stress-entgegenwirken\/\" class=\"plain\">Wie BailongBall K\u00f6rper und Geist in Balance bringt &#8211; Teil 2: Stress entgegenwirken<\/a>\n\t\t\t\t\t<\/h5>\n\t\t\t\t\t\t\t\t\t\t<div class=\"is-divider\"><\/div>\n\t\t\t\t\t\t\t\t\t\t<p class=\"from_the_blog_excerpt \">\n\t\t\t\t\t\tDer Vortrag von Fritjof Nelting anl\u00e4sslich des 20-j\u00e4hrigen Jubil\u00e4ums der TBBF im\u202fOktober\u202f2025 liefert ein \u00fcberraschend [...]\t\t\t\t\t<\/p>\n\t\t\t\t\t                    \n\t\t\t\t\t\n\t\t\t\t\t\n\t\t\t\t\t<\/div>\n\t\t\t\t\t<\/div>\n\t\t\t\t\t\t\t\t\t\t\t\t\t\t\t\t<div class=\"badge absolute top post-date badge-square\">\n\t\t\t\t\t\t\t<div class=\"badge-inner\">\n\t\t\t\t\t\t\t\t<span class=\"post-date-day\">28<\/span><br>\n\t\t\t\t\t\t\t\t<span class=\"post-date-month is-xsmall\">Feb<\/span>\n\t\t\t\t\t\t\t<\/div>\n\t\t\t\t\t\t<\/div>\n\t\t\t\t\t\t\t\t\t<\/div>\n\t\t\t<\/div>\n\t\t<\/div><\/div>\n\n\n\t\t<\/div>\n\t\t\t\t\t<\/div>\n\n\t\n\n<\/div>\n\n\n\n","protected":false},"excerpt":{"rendered":"","protected":false},"author":1,"featured_media":0,"parent":0,"menu_order":0,"comment_status":"closed","ping_status":"closed","template":"page-blank.php","meta":{"footnotes":""},"class_list":["post-5","page","type-page","status-publish","hentry"],"yoast_head":"<!-- This site is optimized with the Yoast SEO plugin v27.4 - https:\/\/yoast.com\/product\/yoast-seo-wordpress\/ -->\n<title>Erlebe jetzt den neuen Trendsport - Bailongball Deutschland<\/title>\n<meta name=\"description\" content=\"Bailongball ist der neue Trendsport in Deutschland und verbindet Beweglichkeit, Harmonie und den Spa\u00df am Ballspiel. Erleben den Sport in einem Training.\" \/>\n<meta name=\"robots\" content=\"index, follow, max-snippet:-1, max-image-preview:large, max-video-preview:-1\" \/>\n<link rel=\"canonical\" href=\"https:\/\/bailongball.com\/en\/\" \/>\n<meta property=\"og:locale\" content=\"en_GB\" \/>\n<meta property=\"og:type\" content=\"article\" \/>\n<meta property=\"og:title\" content=\"Erlebe jetzt den neuen Trendsport - Bailongball Deutschland\" \/>\n<meta property=\"og:description\" content=\"Bailongball ist der neue Trendsport in Deutschland und verbindet Beweglichkeit, Harmonie und den Spa\u00df am Ballspiel. Erleben den Sport in einem Training.\" \/>\n<meta property=\"og:url\" content=\"https:\/\/bailongball.com\/en\/\" \/>\n<meta property=\"og:site_name\" content=\"Bailong Ball\" \/>\n<meta property=\"article:modified_time\" content=\"2025-02-19T19:04:26+00:00\" \/>\n<meta name=\"twitter:card\" content=\"summary_large_image\" \/>\n<meta name=\"twitter:label1\" content=\"Estimated reading time\" \/>\n\t<meta name=\"twitter:data1\" content=\"2 minutes\" \/>\n<script type=\"application\/ld+json\" class=\"yoast-schema-graph\">{\"@context\":\"https:\\\/\\\/schema.org\",\"@graph\":[{\"@type\":\"WebPage\",\"@id\":\"https:\\\/\\\/bailongball.com\\\/\",\"url\":\"https:\\\/\\\/bailongball.com\\\/\",\"name\":\"Erlebe jetzt den neuen Trendsport - Bailongball Deutschland\",\"isPartOf\":{\"@id\":\"https:\\\/\\\/bailongball.com\\\/#website\"},\"datePublished\":\"2017-11-28T17:01:57+00:00\",\"dateModified\":\"2025-02-19T19:04:26+00:00\",\"description\":\"Bailongball ist der neue Trendsport in Deutschland und verbindet Beweglichkeit, Harmonie und den Spa\u00df am Ballspiel. Erleben den Sport in einem Training.\",\"breadcrumb\":{\"@id\":\"https:\\\/\\\/bailongball.com\\\/#breadcrumb\"},\"inLanguage\":\"en-GB\",\"potentialAction\":[{\"@type\":\"ReadAction\",\"target\":[\"https:\\\/\\\/bailongball.com\\\/\"]}]},{\"@type\":\"BreadcrumbList\",\"@id\":\"https:\\\/\\\/bailongball.com\\\/#breadcrumb\",\"itemListElement\":[{\"@type\":\"ListItem\",\"position\":1,\"name\":\"Startseite\",\"item\":\"https:\\\/\\\/bailongball.com\\\/\"},{\"@type\":\"ListItem\",\"position\":2,\"name\":\"Bailongball\"}]},{\"@type\":\"WebSite\",\"@id\":\"https:\\\/\\\/bailongball.com\\\/#website\",\"url\":\"https:\\\/\\\/bailongball.com\\\/\",\"name\":\"Bailong Ball\",\"description\":\"\",\"potentialAction\":[{\"@type\":\"SearchAction\",\"target\":{\"@type\":\"EntryPoint\",\"urlTemplate\":\"https:\\\/\\\/bailongball.com\\\/?s={search_term_string}\"},\"query-input\":{\"@type\":\"PropertyValueSpecification\",\"valueRequired\":true,\"valueName\":\"search_term_string\"}}],\"inLanguage\":\"en-GB\"}]}<\/script>\n<!-- \/ Yoast SEO plugin. -->","yoast_head_json":{"title":"Erlebe jetzt den neuen Trendsport - Bailongball Deutschland","description":"Bailongball ist der neue Trendsport in Deutschland und verbindet Beweglichkeit, Harmonie und den Spa\u00df am Ballspiel. Erleben den Sport in einem Training.","robots":{"index":"index","follow":"follow","max-snippet":"max-snippet:-1","max-image-preview":"max-image-preview:large","max-video-preview":"max-video-preview:-1"},"canonical":"https:\/\/bailongball.com\/en\/","og_locale":"en_GB","og_type":"article","og_title":"Erlebe jetzt den neuen Trendsport - Bailongball Deutschland","og_description":"Bailongball ist der neue Trendsport in Deutschland und verbindet Beweglichkeit, Harmonie und den Spa\u00df am Ballspiel. Erleben den Sport in einem Training.","og_url":"https:\/\/bailongball.com\/en\/","og_site_name":"Bailong Ball","article_modified_time":"2025-02-19T19:04:26+00:00","twitter_card":"summary_large_image","twitter_misc":{"Estimated reading time":"2 minutes"},"schema":{"@context":"https:\/\/schema.org","@graph":[{"@type":"WebPage","@id":"https:\/\/bailongball.com\/","url":"https:\/\/bailongball.com\/","name":"Erlebe jetzt den neuen Trendsport - Bailongball Deutschland","isPartOf":{"@id":"https:\/\/bailongball.com\/#website"},"datePublished":"2017-11-28T17:01:57+00:00","dateModified":"2025-02-19T19:04:26+00:00","description":"Bailongball ist der neue Trendsport in Deutschland und verbindet Beweglichkeit, Harmonie und den Spa\u00df am Ballspiel. Erleben den Sport in einem Training.","breadcrumb":{"@id":"https:\/\/bailongball.com\/#breadcrumb"},"inLanguage":"en-GB","potentialAction":[{"@type":"ReadAction","target":["https:\/\/bailongball.com\/"]}]},{"@type":"BreadcrumbList","@id":"https:\/\/bailongball.com\/#breadcrumb","itemListElement":[{"@type":"ListItem","position":1,"name":"Startseite","item":"https:\/\/bailongball.com\/"},{"@type":"ListItem","position":2,"name":"Bailongball"}]},{"@type":"WebSite","@id":"https:\/\/bailongball.com\/#website","url":"https:\/\/bailongball.com\/","name":"Bailong Ball","description":"","potentialAction":[{"@type":"SearchAction","target":{"@type":"EntryPoint","urlTemplate":"https:\/\/bailongball.com\/?s={search_term_string}"},"query-input":{"@type":"PropertyValueSpecification","valueRequired":true,"valueName":"search_term_string"}}],"inLanguage":"en-GB"}]}},"_links":{"self":[{"href":"https:\/\/bailongball.com\/en\/wp-json\/wp\/v2\/pages\/5","targetHints":{"allow":["GET"]}}],"collection":[{"href":"https:\/\/bailongball.com\/en\/wp-json\/wp\/v2\/pages"}],"about":[{"href":"https:\/\/bailongball.com\/en\/wp-json\/wp\/v2\/types\/page"}],"author":[{"embeddable":true,"href":"https:\/\/bailongball.com\/en\/wp-json\/wp\/v2\/users\/1"}],"replies":[{"embeddable":true,"href":"https:\/\/bailongball.com\/en\/wp-json\/wp\/v2\/comments?post=5"}],"version-history":[{"count":137,"href":"https:\/\/bailongball.com\/en\/wp-json\/wp\/v2\/pages\/5\/revisions"}],"predecessor-version":[{"id":279067,"href":"https:\/\/bailongball.com\/en\/wp-json\/wp\/v2\/pages\/5\/revisions\/279067"}],"wp:attachment":[{"href":"https:\/\/bailongball.com\/en\/wp-json\/wp\/v2\/media?parent=5"}],"curies":[{"name":"wp","href":"https:\/\/api.w.org\/{rel}","templated":true}]}}